{"id":681,"date":"2018-11-05T18:07:45","date_gmt":"2018-11-05T17:07:45","guid":{"rendered":"http:\/\/kristalstaklo.com\/kuhinje-tus-kabine\/?page_id=681"},"modified":"2018-11-14T23:27:42","modified_gmt":"2018-11-14T22:27:42","slug":"podovi-i-stepenista","status":"publish","type":"page","link":"https:\/\/kristalstaklo.com\/kuhinje-tus-kabine\/podovi-i-stepenista\/","title":{"rendered":"Podovi i stepeni\u0161ta"},"content":{"rendered":"\t\t<div class=\"sep-text single centered\">\n\t\t\t\t\t\t\t<span class=\"sep-text-before\"><div class=\"sep-text-line\"><\/div><\/span>\n\t\t\t\t\t\t<div class=\"content\">\n\t\t\t\t\t\t\t\t\t\n<h1 style=\"text-align: center;\">PODOVI I STEPENI\u0160TA<\/h1>\n\t\t\t\t\t\t\t<\/div>\n\t\t\t<span class=\"sep-text-after\"><div class=\"sep-text-line\"><\/div><\/span>\n\t\t\t\t\t<\/div>\n\t\n<div class=\"push\" style='height:30px'><\/div>\n<p>Staklenii podovi daju prostoru notu modernog, jednostavnog, i dobrog konstruktivnog re\u0161enja. Stakleni podovi se naj\u010de\u0161\u0107e koriste za pokrivanje dela poda, a re\u0111e cele podne povr\u0161ine.<\/p>\n<p><img loading=\"lazy\" class=\"aligncenter size-full wp-image-682\" src=\"https:\/\/kristalstaklo.com\/kuhinje-tus-kabine\/wp-content\/uploads\/2018\/11\/sp10.jpg\" alt=\"\" width=\"1100\" height=\"563\" srcset=\"https:\/\/kristalstaklo.com\/kuhinje-tus-kabine\/wp-content\/uploads\/2018\/11\/sp10.jpg 1100w, https:\/\/kristalstaklo.com\/kuhinje-tus-kabine\/wp-content\/uploads\/2018\/11\/sp10-300x154.jpg 300w, https:\/\/kristalstaklo.com\/kuhinje-tus-kabine\/wp-content\/uploads\/2018\/11\/sp10-1024x524.jpg 1024w, https:\/\/kristalstaklo.com\/kuhinje-tus-kabine\/wp-content\/uploads\/2018\/11\/sp10-555x284.jpg 555w, https:\/\/kristalstaklo.com\/kuhinje-tus-kabine\/wp-content\/uploads\/2018\/11\/sp10-360x184.jpg 360w, https:\/\/kristalstaklo.com\/kuhinje-tus-kabine\/wp-content\/uploads\/2018\/11\/sp10-262x134.jpg 262w\" sizes=\"(max-width: 1100px) 100vw, 1100px\" \/><\/p>\n<p>Stakleni podovi i gazi\u0161ta se izra\u0111uju od laminiranog i kaljenog stakla razli\u010ditih struktura i debljina, opcije su od 30-60mm. U zavisnosti od projekta i zahteva pri monta\u017ei koriste se specijalni okovi i ramovi za fiksiranje.<\/p>\n<p>Stakleni podovi su uglavnom otporni na po\u017ear i visoke temperature zahvaljuju\u0107i posebnom materijalu i tehnologiji izrade. Sve ove osobine znatno uti\u010du na cenu proizvoda.<\/p>\n<p>Tehnologija izrade stakla je toliko napredovala da je staklo danas izuzetno izdr\u017eljiv materijal u stanju da podnese veoma velika optere\u0107enja. S obzirom na ovo, ne \u010dudi da se danas staklo koristi u neverovatno smelim i kompleksnim arhitektonskim konstrukcijama.<\/p>\n<p>Kako bi ovakav pod bio siguran, funkcionalan i dugotrajan, kvalitet materijala ali i ugradnje mora da bude na veoma visokom nivou.<\/p>\n<p>Iako se podovi u potpunosti izra\u0111eni od stakla retko sre\u0107u, \u010desto se stakleni podovi mogu videti kao \u201dprozori\u201d, trake ili podijumi integrisani u podnu povr\u0161inu.<\/p>\n<p>Stakleni podovi se iza\u0111uju na razli\u010dite na\u010dine, u zavisnosti o kom tipu objekta se radi, poslovnom ili stambenom prostoru. Upotrebljavaju se u hodnicima i dega\u017emanima, u prostorijama gde se mo\u017ee posti\u0107i zanimljiv ili prakti\u010dan efekat, prilikom izgradnje mostova u enterijeru.<\/p>\n<p>Jedna od najzanimljivijih i najefektnijih upotreba staklenog poda je ispod stepeni\u0161ta ili gazi\u0161ta za stepenice. Na ovaj na\u010din stepeni\u0161te se osvetljava i ovaj dinami\u010dni elemenat u prostoru postaje upadljiv.<\/p>\n<p>Ukoliko se u stakleni pod ugradi rasveta, koja mo\u017ee biti razli\u010ditih boja i nijansi, podna povr\u0161ina \u0107e postati jo\u0161 upadljivija i efektnija.<\/p>\n<p>Ova mogu\u0107nost prilikom oblikovanja enterijera staklenim podovima je najpopularnija u javnim prostorima kao \u0161to su klubovi, kafei, diskoteke, restorani, hoteli, ali to ne ograni\u010dava upotrebu u drugim tipovima prostora.<\/p>\n<p>Mo\u017ee se re\u0107i da se stakleni pod upotrebljava u nekonvencionalnim enterijerima gde se \u017eeli posti\u0107i upe\u010datljiv efekat. Omogu\u0107avaju\u0107i prodor prirodnog svetla i otvaraju\u0107i prostor vizuelno ga uve\u0107avaju\u0107i, stakleni podovi dorpinose kvalitetu prostora i mogu ostaviti utisak na posetioca. Bez obzira kako se koriste, ovakvi podovi su uvek odli\u010dan dodatak enterijerima, posebno ako se \u017eeli posti\u0107i efekat luksuza i minimalizma, ali i glamura.<\/p>\n<!-- index.php -->\n<div\n\tclass=\"ngg-galleryoverview ngg-ajax-pagination-none\"\n\tid=\"ngg-gallery-70cbd75e4d588d7c82971c7eef8ec092-1\">\n\n    \t\t<!-- Thumbnails -->\n\t\t\t\t<div id=\"ngg-image-0\" class=\"ngg-gallery-thumbnail-box\" >\n\t\t\t\t        <div class=\"ngg-gallery-thumbnail\">\n            <a href=\"https:\/\/kristalstaklo.com\/kuhinje-tus-kabine\/wp-content\/gallery\/podovi\/sp1.jpg\"\n               title=\"\"\n               data-src=\"https:\/\/kristalstaklo.com\/kuhinje-tus-kabine\/wp-content\/gallery\/podovi\/sp1.jpg\"\n               data-thumbnail=\"https:\/\/kristalstaklo.com\/kuhinje-tus-kabine\/wp-content\/gallery\/podovi\/thumbs\/thumbs_sp1.jpg\"\n               data-image-id=\"129\"\n               data-title=\"sp1\"\n               data-description=\"\"\n               data-image-slug=\"sp1\"\n               class=\"ngg-fancybox\" rel=\"70cbd75e4d588d7c82971c7eef8ec092\">\n                <img\n                    title=\"sp1\"\n                    alt=\"sp1\"\n                    src=\"https:\/\/kristalstaklo.com\/kuhinje-tus-kabine\/wp-content\/gallery\/podovi\/thumbs\/thumbs_sp1.jpg\"\n                    width=\"240\"\n                    height=\"160\"\n                    style=\"max-width:100%;\"\n                \/>\n            <\/a>\n        <\/div>\n\t\t\t\t\t\t\t<\/div> \n\t\t\t\n        \n\t\t\t\t<div id=\"ngg-image-1\" class=\"ngg-gallery-thumbnail-box\" >\n\t\t\t\t        <div class=\"ngg-gallery-thumbnail\">\n            <a href=\"https:\/\/kristalstaklo.com\/kuhinje-tus-kabine\/wp-content\/gallery\/podovi\/sp2.jpg\"\n               title=\"\"\n               data-src=\"https:\/\/kristalstaklo.com\/kuhinje-tus-kabine\/wp-content\/gallery\/podovi\/sp2.jpg\"\n               data-thumbnail=\"https:\/\/kristalstaklo.com\/kuhinje-tus-kabine\/wp-content\/gallery\/podovi\/thumbs\/thumbs_sp2.jpg\"\n               data-image-id=\"130\"\n               data-title=\"sp2\"\n               data-description=\"\"\n               data-image-slug=\"sp2\"\n               class=\"ngg-fancybox\" rel=\"70cbd75e4d588d7c82971c7eef8ec092\">\n                <img\n                    title=\"sp2\"\n                    alt=\"sp2\"\n                    src=\"https:\/\/kristalstaklo.com\/kuhinje-tus-kabine\/wp-content\/gallery\/podovi\/thumbs\/thumbs_sp2.jpg\"\n                    width=\"240\"\n                    height=\"160\"\n                    style=\"max-width:100%;\"\n                \/>\n            <\/a>\n        <\/div>\n\t\t\t\t\t\t\t<\/div> \n\t\t\t\n        \n\t\t\t\t<div id=\"ngg-image-2\" class=\"ngg-gallery-thumbnail-box\" >\n\t\t\t\t        <div class=\"ngg-gallery-thumbnail\">\n            <a href=\"https:\/\/kristalstaklo.com\/kuhinje-tus-kabine\/wp-content\/gallery\/podovi\/sp11.jpg\"\n               title=\"\"\n               data-src=\"https:\/\/kristalstaklo.com\/kuhinje-tus-kabine\/wp-content\/gallery\/podovi\/sp11.jpg\"\n               data-thumbnail=\"https:\/\/kristalstaklo.com\/kuhinje-tus-kabine\/wp-content\/gallery\/podovi\/thumbs\/thumbs_sp11.jpg\"\n               data-image-id=\"131\"\n               data-title=\"sp11\"\n               data-description=\"\"\n               data-image-slug=\"sp11\"\n               class=\"ngg-fancybox\" rel=\"70cbd75e4d588d7c82971c7eef8ec092\">\n                <img\n                    title=\"sp11\"\n                    alt=\"sp11\"\n                    src=\"https:\/\/kristalstaklo.com\/kuhinje-tus-kabine\/wp-content\/gallery\/podovi\/thumbs\/thumbs_sp11.jpg\"\n                    width=\"240\"\n                    height=\"160\"\n                    style=\"max-width:100%;\"\n                \/>\n            <\/a>\n        <\/div>\n\t\t\t\t\t\t\t<\/div> \n\t\t\t\n        \n\t\t\t\t<div id=\"ngg-image-3\" class=\"ngg-gallery-thumbnail-box\" >\n\t\t\t\t        <div class=\"ngg-gallery-thumbnail\">\n            <a href=\"https:\/\/kristalstaklo.com\/kuhinje-tus-kabine\/wp-content\/gallery\/podovi\/sp13.jpg\"\n               title=\"\"\n               data-src=\"https:\/\/kristalstaklo.com\/kuhinje-tus-kabine\/wp-content\/gallery\/podovi\/sp13.jpg\"\n               data-thumbnail=\"https:\/\/kristalstaklo.com\/kuhinje-tus-kabine\/wp-content\/gallery\/podovi\/thumbs\/thumbs_sp13.jpg\"\n               data-image-id=\"132\"\n               data-title=\"sp13\"\n               data-description=\"\"\n               data-image-slug=\"sp13\"\n               class=\"ngg-fancybox\" rel=\"70cbd75e4d588d7c82971c7eef8ec092\">\n                <img\n                    title=\"sp13\"\n                    alt=\"sp13\"\n                    src=\"https:\/\/kristalstaklo.com\/kuhinje-tus-kabine\/wp-content\/gallery\/podovi\/thumbs\/thumbs_sp13.jpg\"\n                    width=\"240\"\n                    height=\"160\"\n                    style=\"max-width:100%;\"\n                \/>\n            <\/a>\n        <\/div>\n\t\t\t\t\t\t\t<\/div> \n\t\t\t\n        \n\t\t\t\t<div id=\"ngg-image-4\" class=\"ngg-gallery-thumbnail-box\" >\n\t\t\t\t        <div class=\"ngg-gallery-thumbnail\">\n            <a href=\"https:\/\/kristalstaklo.com\/kuhinje-tus-kabine\/wp-content\/gallery\/podovi\/sp14.jpg\"\n               title=\"\"\n               data-src=\"https:\/\/kristalstaklo.com\/kuhinje-tus-kabine\/wp-content\/gallery\/podovi\/sp14.jpg\"\n               data-thumbnail=\"https:\/\/kristalstaklo.com\/kuhinje-tus-kabine\/wp-content\/gallery\/podovi\/thumbs\/thumbs_sp14.jpg\"\n               data-image-id=\"133\"\n               data-title=\"sp14\"\n               data-description=\"\"\n               data-image-slug=\"sp14\"\n               class=\"ngg-fancybox\" rel=\"70cbd75e4d588d7c82971c7eef8ec092\">\n                <img\n                    title=\"sp14\"\n                    alt=\"sp14\"\n                    src=\"https:\/\/kristalstaklo.com\/kuhinje-tus-kabine\/wp-content\/gallery\/podovi\/thumbs\/thumbs_sp14.jpg\"\n                    width=\"240\"\n                    height=\"160\"\n                    style=\"max-width:100%;\"\n                \/>\n            <\/a>\n        <\/div>\n\t\t\t\t\t\t\t<\/div> \n\t\t\t\n        \n\t\t\n\t\t<!-- Pagination -->\n\t<div class='ngg-clear'><\/div>\t<\/div>\n\n","protected":false},"excerpt":{"rendered":"<p>Staklenii podovi daju prostoru notu modernog, jednostavnog, i dobrog konstruktivnog re\u0161enja. Stakleni podovi se naj\u010de\u0161\u0107e koriste za pokrivanje dela poda, a re\u0111e cele podne povr\u0161ine. Stakleni podovi i gazi\u0161ta se izra\u0111uju od laminiranog i kaljenog stakla razli\u010ditih struktura i debljina, opcije su od 30-60mm. U zavisnosti od projekta i zahteva pri monta\u017ei koriste se specijalni&#8230;<\/p>\n","protected":false},"author":1,"featured_media":0,"parent":0,"menu_order":0,"comment_status":"closed","ping_status":"closed","template":"","meta":{"ngg_post_thumbnail":0},"_links":{"self":[{"href":"https:\/\/kristalstaklo.com\/kuhinje-tus-kabine\/wp-json\/wp\/v2\/pages\/681"}],"collection":[{"href":"https:\/\/kristalstaklo.com\/kuhinje-tus-kabine\/wp-json\/wp\/v2\/pages"}],"about":[{"href":"https:\/\/kristalstaklo.com\/kuhinje-tus-kabine\/wp-json\/wp\/v2\/types\/page"}],"author":[{"embeddable":true,"href":"https:\/\/kristalstaklo.com\/kuhinje-tus-kabine\/wp-json\/wp\/v2\/users\/1"}],"replies":[{"embeddable":true,"href":"https:\/\/kristalstaklo.com\/kuhinje-tus-kabine\/wp-json\/wp\/v2\/comments?post=681"}],"version-history":[{"count":3,"href":"https:\/\/kristalstaklo.com\/kuhinje-tus-kabine\/wp-json\/wp\/v2\/pages\/681\/revisions"}],"predecessor-version":[{"id":732,"href":"https:\/\/kristalstaklo.com\/kuhinje-tus-kabine\/wp-json\/wp\/v2\/pages\/681\/revisions\/732"}],"wp:attachment":[{"href":"https:\/\/kristalstaklo.com\/kuhinje-tus-kabine\/wp-json\/wp\/v2\/media?parent=681"}],"curies":[{"name":"wp","href":"https:\/\/api.w.org\/{rel}","templated":true}]}}