{"id":270,"date":"2017-04-13T17:06:10","date_gmt":"2017-04-13T15:06:10","guid":{"rendered":"http:\/\/kristalstaklo.com\/kuhinje-tus-kabine\/?page_id=270"},"modified":"2020-10-16T11:59:12","modified_gmt":"2020-10-16T09:59:12","slug":"kontakt","status":"publish","type":"page","link":"https:\/\/kristalstaklo.com\/kuhinje-tus-kabine\/kontakt\/","title":{"rendered":"Kontakt"},"content":{"rendered":"<div class=\"row \"><div class=\"wpv-grid grid-1-2  wpv-first-level first unextended\" style=\"padding-top:0px;padding-bottom:0px\" id=\"wpv-column-d5bcb3282dc09599f3200e02971f2ae5\" >\t\t<div class=\"sep-text single centered\">\n\t\t\t\t\t\t\t<span class=\"sep-text-before\"><div class=\"sep-text-line\"><\/div><\/span>\n\t\t\t\t\t\t<div class=\"content\">\n\t\t\t\t\t\t\t\t\t\n<h1>Kontaktirajte nas<\/h1>\n\t\t\t\t\t\t\t<\/div>\n\t\t\t<span class=\"sep-text-after\"><div class=\"sep-text-line\"><\/div><\/span>\n\t\t\t\t\t<\/div>\n\t\n\t\t<div class=\"sep-text single centered\">\n\t\t\t\t\t\t\t<span class=\"sep-text-before\"><div class=\"sep-text-line\"><\/div><\/span>\n\t\t\t\t\t\t<div class=\"content\">\n\t\t\t\t<h2 class=\"regular-title-wrapper\">\t\t\t\t\t\nGDE I KAKO DO NAS?\t\t\t\t<\/h2>\t\t\t<\/div>\n\t\t\t<span class=\"sep-text-after\"><div class=\"sep-text-line\"><\/div><\/span>\n\t\t\t\t\t<\/div>\n\t\n<p>Budite slobodni da nas kontaktirate putem telefona ukoliko imate bilo kakvih pitanja i ideja.<\/p>\n<p>Pozovite prodaju ili proizvodnju putem telefonima ili do\u0111ite na kod nas, gde mo\u017eete prezentovati va\u0161e zahteve i nadamo se, iste realizovati.<\/p>\n<p>Stojimo vam na raspolaganju od ponedeljka do subote u terminima radnog vremena od 08-16 \u010dasova.<\/p>\n<p>Zato se ne ustru\u010davajte da pozovete na\u0161 <strong>kontakt telefon 063\/212-597<\/strong>.<\/p>\n<p><img loading=\"lazy\" class=\"size-full wp-image-408 aligncenter\" src=\"https:\/\/kristalstaklo.com\/kuhinje-tus-kabine\/wp-content\/uploads\/2018\/09\/logox95.png\" alt=\"\" width=\"299\" height=\"95\" srcset=\"https:\/\/kristalstaklo.com\/kuhinje-tus-kabine\/wp-content\/uploads\/2018\/09\/logox95.png 299w, https:\/\/kristalstaklo.com\/kuhinje-tus-kabine\/wp-content\/uploads\/2018\/09\/logox95-262x83.png 262w\" sizes=\"(max-width: 299px) 100vw, 299px\" \/><\/div>\n<div class=\"wpv-grid grid-1-2  wpv-first-level unextended\" style=\"padding-top:0px;padding-bottom:0px\" id=\"wpv-column-89948246ec50cbfbdf98618fe509d76f\" >\t\t<div class=\"sep-text single centered\">\n\t\t\t\t\t\t\t<span class=\"sep-text-before\"><div class=\"sep-text-line\"><\/div><\/span>\n\t\t\t\t\t\t<div class=\"content\">\n\t\t\t\t\t\t\t\t\t\n<h2 style=\"text-align: center;\">Staklo kristal<\/h2>\n\t\t\t\t\t\t\t<\/div>\n\t\t\t<span class=\"sep-text-after\"><div class=\"sep-text-line\"><\/div><\/span>\n\t\t\t\t\t<\/div>\n\t\n<p style=\"text-align: center;\">Ozrenska 102<br \/>\n(ispod auto puta Beograd-Ni\u0161)<br \/>\nBeograd, Srbija<\/p>\n<p style=\"text-align: center;\"><strong>Mobilni:<\/strong><a href=\"tel:063212597\"> +381 (0)63 212 597<\/a><br \/>\n<strong>Telefon:<\/strong> <a href=\"tel:0113474061\">+381 (0)11 3474 061<\/a><br \/>\n<strong>Telefon:<\/strong><a href=\"tel:0113477780\">+381 (0)11 3477 780<\/a><\/p>\n<p style=\"text-align: center;\"><a href=\"mailto:staklokristal@gmail.com\">staklokristal@gmail.com<\/a><br \/>\n<a href=\"http:\/\/www.KristalStaklo.com\">www.KristalStaklo.com<\/a><\/div><\/div>\n","protected":false},"excerpt":{"rendered":"","protected":false},"author":1,"featured_media":0,"parent":0,"menu_order":0,"comment_status":"closed","ping_status":"closed","template":"","meta":{"ngg_post_thumbnail":0},"_links":{"self":[{"href":"https:\/\/kristalstaklo.com\/kuhinje-tus-kabine\/wp-json\/wp\/v2\/pages\/270"}],"collection":[{"href":"https:\/\/kristalstaklo.com\/kuhinje-tus-kabine\/wp-json\/wp\/v2\/pages"}],"about":[{"href":"https:\/\/kristalstaklo.com\/kuhinje-tus-kabine\/wp-json\/wp\/v2\/types\/page"}],"author":[{"embeddable":true,"href":"https:\/\/kristalstaklo.com\/kuhinje-tus-kabine\/wp-json\/wp\/v2\/users\/1"}],"replies":[{"embeddable":true,"href":"https:\/\/kristalstaklo.com\/kuhinje-tus-kabine\/wp-json\/wp\/v2\/comments?post=270"}],"version-history":[{"count":14,"href":"https:\/\/kristalstaklo.com\/kuhinje-tus-kabine\/wp-json\/wp\/v2\/pages\/270\/revisions"}],"predecessor-version":[{"id":882,"href":"https:\/\/kristalstaklo.com\/kuhinje-tus-kabine\/wp-json\/wp\/v2\/pages\/270\/revisions\/882"}],"wp:attachment":[{"href":"https:\/\/kristalstaklo.com\/kuhinje-tus-kabine\/wp-json\/wp\/v2\/media?parent=270"}],"curies":[{"name":"wp","href":"https:\/\/api.w.org\/{rel}","templated":true}]}}