{"id":758,"date":"2018-11-14T23:47:34","date_gmt":"2018-11-14T22:47:34","guid":{"rendered":"http:\/\/kristalstaklo.com\/kuhinje-tus-kabine\/?page_id=758"},"modified":"2018-11-14T23:47:34","modified_gmt":"2018-11-14T22:47:34","slug":"namestaj","status":"publish","type":"page","link":"http:\/\/kristalstaklo.com\/kuhinje-tus-kabine\/namestaj\/","title":{"rendered":"Name\u0161taj"},"content":{"rendered":"\t\t<div class=\"sep-text single centered\">\n\t\t\t\t\t\t\t<span class=\"sep-text-before\"><div class=\"sep-text-line\"><\/div><\/span>\n\t\t\t\t\t\t<div class=\"content\">\n\t\t\t\t\t\t\t\t\t\n<h1 style=\"text-align: center;\">NAME\u0160TAJ<\/h1>\n\t\t\t\t\t\t\t<\/div>\n\t\t\t<span class=\"sep-text-after\"><div class=\"sep-text-line\"><\/div><\/span>\n\t\t\t\t\t<\/div>\n\t\n<div class=\"push\" style='height:30px'><\/div>\n<p>Staklo je po definiciji relativno \u010dvrst, inertan, providan i biolo\u0161ki neaktivan materijal i kao takav ima vrlo \u0161iroku primenu.<\/p>\n<p>U enterijeru se koristi za najrazli\u010ditije namene. Mo\u017ee se koristiti kao obloga, konstrukcija, pregrada, zid, za izradu detalja&#8230;<\/p>\n<p>Nezaobilazan je element kod modernih enterijera kako u stanovima, tako i u poslovnim prostorima. Svojom transparetno\u0161\u0107u i lako\u0107om, ne optere\u0107uje prostor i propu\u0161ta svetlost \u0161to je idealno za male stanove i prostorije.<\/p>\n<p>Elementi od stakla u enterijeru mogu se upotrebljavati u svim prostorijama u stanu.<\/p>\n<p>Idealno za malu trpezariju ili u sklopu kuhinje je postaviti stakleni sto. U tom slu\u010daju sto ne\u0107e dodatno zatvoriti i preopteretiti prostor. Efekat fluidnosti u prostoru dodatno mogu pove\u0107ati i staklene stolice.<\/p>\n<p>Ako imate radni kutak u sklopu dnevne sobe, idealno re\u0161enje je stakleni sto za kompjuter. Drvene police na zidu same po sebi zauzimaju dosta prostora, a kada se tome dodaju knjige, figure i ostali detalji ve\u0107i deo zida bude ispunjen.<\/p>\n<p>Staklene police daju akcenat na ono sto se na njima nalazi jer padaju u drugi plan, a slu\u017ee svrsi kojoj su namenjene.<\/p>\n<p>U spava\u0107oj sobi mo\u017eete staviti staklene no\u0107ne sto\u010di\u0107e koji \u0107e postati neutralni elementi uz krevet i kao takvi odgovara\u0107e najrazli\u010ditijim modelima kreveta.<\/p>\n<p>&nbsp;<\/p>\n<!-- index.php -->\n<div\n\tclass=\"ngg-galleryoverview ngg-ajax-pagination-none\"\n\tid=\"ngg-gallery-2503b3a3e32e38d6b4cef2c45cfbefc0-1\">\n\n    \t\t<!-- Thumbnails -->\n\t\t\t\t<div id=\"ngg-image-0\" class=\"ngg-gallery-thumbnail-box\" >\n\t\t\t\t        <div class=\"ngg-gallery-thumbnail\">\n            <a href=\"http:\/\/kristalstaklo.com\/kuhinje-tus-kabine\/wp-content\/gallery\/namestaj\/nam1.jpg\"\n               title=\"\"\n               data-src=\"http:\/\/kristalstaklo.com\/kuhinje-tus-kabine\/wp-content\/gallery\/namestaj\/nam1.jpg\"\n               data-thumbnail=\"http:\/\/kristalstaklo.com\/kuhinje-tus-kabine\/wp-content\/gallery\/namestaj\/thumbs\/thumbs_nam1.jpg\"\n               data-image-id=\"147\"\n               data-title=\"nam1\"\n               data-description=\"\"\n               data-image-slug=\"nam1\"\n               class=\"ngg-fancybox\" rel=\"2503b3a3e32e38d6b4cef2c45cfbefc0\">\n                <img\n                    title=\"nam1\"\n                    alt=\"nam1\"\n                    src=\"http:\/\/kristalstaklo.com\/kuhinje-tus-kabine\/wp-content\/gallery\/namestaj\/thumbs\/thumbs_nam1.jpg\"\n                    width=\"240\"\n                    height=\"160\"\n                    style=\"max-width:100%;\"\n                \/>\n            <\/a>\n        <\/div>\n\t\t\t\t\t\t\t<\/div> \n\t\t\t\n        \n\t\t\t\t<div id=\"ngg-image-1\" class=\"ngg-gallery-thumbnail-box\" >\n\t\t\t\t        <div class=\"ngg-gallery-thumbnail\">\n            <a href=\"http:\/\/kristalstaklo.com\/kuhinje-tus-kabine\/wp-content\/gallery\/namestaj\/nam3.jpg\"\n               title=\"\"\n               data-src=\"http:\/\/kristalstaklo.com\/kuhinje-tus-kabine\/wp-content\/gallery\/namestaj\/nam3.jpg\"\n               data-thumbnail=\"http:\/\/kristalstaklo.com\/kuhinje-tus-kabine\/wp-content\/gallery\/namestaj\/thumbs\/thumbs_nam3.jpg\"\n               data-image-id=\"148\"\n               data-title=\"nam3\"\n               data-description=\"\"\n               data-image-slug=\"nam3\"\n               class=\"ngg-fancybox\" rel=\"2503b3a3e32e38d6b4cef2c45cfbefc0\">\n                <img\n                    title=\"nam3\"\n                    alt=\"nam3\"\n                    src=\"http:\/\/kristalstaklo.com\/kuhinje-tus-kabine\/wp-content\/gallery\/namestaj\/thumbs\/thumbs_nam3.jpg\"\n                    width=\"240\"\n                    height=\"160\"\n                    style=\"max-width:100%;\"\n                \/>\n            <\/a>\n        <\/div>\n\t\t\t\t\t\t\t<\/div> \n\t\t\t\n        \n\t\t\t\t<div id=\"ngg-image-2\" class=\"ngg-gallery-thumbnail-box\" >\n\t\t\t\t        <div class=\"ngg-gallery-thumbnail\">\n            <a href=\"http:\/\/kristalstaklo.com\/kuhinje-tus-kabine\/wp-content\/gallery\/namestaj\/nam-gl.jpg\"\n               title=\"\"\n               data-src=\"http:\/\/kristalstaklo.com\/kuhinje-tus-kabine\/wp-content\/gallery\/namestaj\/nam-gl.jpg\"\n               data-thumbnail=\"http:\/\/kristalstaklo.com\/kuhinje-tus-kabine\/wp-content\/gallery\/namestaj\/thumbs\/thumbs_nam-gl.jpg\"\n               data-image-id=\"149\"\n               data-title=\"nam-gl\"\n               data-description=\"\"\n               data-image-slug=\"nam-gl\"\n               class=\"ngg-fancybox\" rel=\"2503b3a3e32e38d6b4cef2c45cfbefc0\">\n                <img\n                    title=\"nam-gl\"\n                    alt=\"nam-gl\"\n                    src=\"http:\/\/kristalstaklo.com\/kuhinje-tus-kabine\/wp-content\/gallery\/namestaj\/thumbs\/thumbs_nam-gl.jpg\"\n                    width=\"240\"\n                    height=\"160\"\n                    style=\"max-width:100%;\"\n                \/>\n            <\/a>\n        <\/div>\n\t\t\t\t\t\t\t<\/div> \n\t\t\t\n        \n\t\t\t\t<div id=\"ngg-image-3\" class=\"ngg-gallery-thumbnail-box\" >\n\t\t\t\t        <div class=\"ngg-gallery-thumbnail\">\n            <a href=\"http:\/\/kristalstaklo.com\/kuhinje-tus-kabine\/wp-content\/gallery\/namestaj\/staklenikrevet2.jpg\"\n               title=\"\"\n               data-src=\"http:\/\/kristalstaklo.com\/kuhinje-tus-kabine\/wp-content\/gallery\/namestaj\/staklenikrevet2.jpg\"\n               data-thumbnail=\"http:\/\/kristalstaklo.com\/kuhinje-tus-kabine\/wp-content\/gallery\/namestaj\/thumbs\/thumbs_staklenikrevet2.jpg\"\n               data-image-id=\"150\"\n               data-title=\"staklenikrevet2\"\n               data-description=\"\"\n               data-image-slug=\"staklenikrevet2\"\n               class=\"ngg-fancybox\" rel=\"2503b3a3e32e38d6b4cef2c45cfbefc0\">\n                <img\n                    title=\"staklenikrevet2\"\n                    alt=\"staklenikrevet2\"\n                    src=\"http:\/\/kristalstaklo.com\/kuhinje-tus-kabine\/wp-content\/gallery\/namestaj\/thumbs\/thumbs_staklenikrevet2.jpg\"\n                    width=\"240\"\n                    height=\"160\"\n                    style=\"max-width:100%;\"\n                \/>\n            <\/a>\n        <\/div>\n\t\t\t\t\t\t\t<\/div> \n\t\t\t\n        \n\t\t\n\t\t<!-- Pagination -->\n\t<div class='ngg-clear'><\/div>\t<\/div>\n\n","protected":false},"excerpt":{"rendered":"<p>Staklo je po definiciji relativno \u010dvrst, inertan, providan i biolo\u0161ki neaktivan materijal i kao takav ima vrlo \u0161iroku primenu. U enterijeru se koristi za najrazli\u010ditije namene. Mo\u017ee se koristiti kao obloga, konstrukcija, pregrada, zid, za izradu detalja&#8230; Nezaobilazan je element kod modernih enterijera kako u stanovima, tako i u poslovnim prostorima. Svojom transparetno\u0161\u0107u i lako\u0107om,&#8230;<\/p>\n","protected":false},"author":1,"featured_media":0,"parent":0,"menu_order":0,"comment_status":"closed","ping_status":"closed","template":"","meta":{"ngg_post_thumbnail":0},"_links":{"self":[{"href":"http:\/\/kristalstaklo.com\/kuhinje-tus-kabine\/wp-json\/wp\/v2\/pages\/758"}],"collection":[{"href":"http:\/\/kristalstaklo.com\/kuhinje-tus-kabine\/wp-json\/wp\/v2\/pages"}],"about":[{"href":"http:\/\/kristalstaklo.com\/kuhinje-tus-kabine\/wp-json\/wp\/v2\/types\/page"}],"author":[{"embeddable":true,"href":"http:\/\/kristalstaklo.com\/kuhinje-tus-kabine\/wp-json\/wp\/v2\/users\/1"}],"replies":[{"embeddable":true,"href":"http:\/\/kristalstaklo.com\/kuhinje-tus-kabine\/wp-json\/wp\/v2\/comments?post=758"}],"version-history":[{"count":1,"href":"http:\/\/kristalstaklo.com\/kuhinje-tus-kabine\/wp-json\/wp\/v2\/pages\/758\/revisions"}],"predecessor-version":[{"id":769,"href":"http:\/\/kristalstaklo.com\/kuhinje-tus-kabine\/wp-json\/wp\/v2\/pages\/758\/revisions\/769"}],"wp:attachment":[{"href":"http:\/\/kristalstaklo.com\/kuhinje-tus-kabine\/wp-json\/wp\/v2\/media?parent=758"}],"curies":[{"name":"wp","href":"https:\/\/api.w.org\/{rel}","templated":true}]}}