{"id":717,"date":"2018-11-14T23:32:17","date_gmt":"2018-11-14T22:32:17","guid":{"rendered":"http:\/\/kristalstaklo.com\/kuhinje-tus-kabine\/?page_id=717"},"modified":"2018-11-14T23:32:17","modified_gmt":"2018-11-14T22:32:17","slug":"nadstresnice-i-plafoni","status":"publish","type":"page","link":"http:\/\/kristalstaklo.com\/kuhinje-tus-kabine\/nadstresnice-i-plafoni\/","title":{"rendered":"Nadstre\u0161nice i plafoni"},"content":{"rendered":"\t\t<div class=\"sep-text single centered\">\n\t\t\t\t\t\t\t<span class=\"sep-text-before\"><div class=\"sep-text-line\"><\/div><\/span>\n\t\t\t\t\t\t<div class=\"content\">\n\t\t\t\t\t\t\t\t\t\n<h1 style=\"text-align: center;\">NADSTRE\u0160NICE I PLAFONI<\/h1>\n\t\t\t\t\t\t\t<\/div>\n\t\t\t<span class=\"sep-text-after\"><div class=\"sep-text-line\"><\/div><\/span>\n\t\t\t\t\t<\/div>\n\t\n<p>Staklene nadstre\u0161nice su veoma atraktivnog dizajna i naro\u010dito pogodne iznad ulaznih vrata.<\/p>\n<p>Koristi se sigurnosno staklo &#8211; kaljeno pa laminirano, tzv. &#8222;pancir&#8220; staklo. Nadstre\u0161nice iznad ulaznih vrata \u010dine mnogo boljim prvi utisak o va\u0161em objektu, ku\u0107i ili poslovnom prostoru.<\/p>\n<p>Staklene nadstre\u0161nice mogu biti:<\/p>\n<ul>\n<li>vise\u0107e, oka\u010dene o inoks \u0161ipku (pun materijal) ili sajlu, po \u017eelji.<\/li>\n<li>klasi\u010dne, kada se pravi samonose\u0107a konstrukcija od inoksa.<\/li>\n<\/ul>\n<p>Stakleni krovovi su vrlo elegantno re\u0161enje za\u0161tite \u017eeljenih povr\u0161ina od padavina. Najvi\u0161e se koriste za gara\u017ee, terase i sl. Staklo se oslanja na metalnu nosivu konstrukciju. Nadstre\u0161nica je svojevrstan podtip krova. To je jedno ve\u0107e staklo koje natkriva ulazna vrata. One se oslanjaju na \u010deli\u010dne profile linijski ili u kombinaciji sa sajlama. Jedna stranica uvek je fiksirana u zid iznad vrata.<\/p>\n<p>Za ovakve vrste konstrukcija potrebno je koristiti laminirano i kaljeno staklo minimalne debljine 8 mm (zavisno o dimenzijama) jer mora da pru\u017ei maksimalnu za\u0161titi od povreda.<\/p>\n<p>&nbsp;<\/p>\n<!-- index.php -->\n<div\n\tclass=\"ngg-galleryoverview ngg-ajax-pagination-none\"\n\tid=\"ngg-gallery-12efbb381805d56f9a2c65b764c60d5e-1\">\n\n    \t\t<!-- Thumbnails -->\n\t\t\t\t<div id=\"ngg-image-0\" class=\"ngg-gallery-thumbnail-box\" >\n\t\t\t\t        <div class=\"ngg-gallery-thumbnail\">\n            <a href=\"http:\/\/kristalstaklo.com\/kuhinje-tus-kabine\/wp-content\/gallery\/nadstresnice-i-plafoni\/nd1.jpg\"\n               title=\"\"\n               data-src=\"http:\/\/kristalstaklo.com\/kuhinje-tus-kabine\/wp-content\/gallery\/nadstresnice-i-plafoni\/nd1.jpg\"\n               data-thumbnail=\"http:\/\/kristalstaklo.com\/kuhinje-tus-kabine\/wp-content\/gallery\/nadstresnice-i-plafoni\/thumbs\/thumbs_nd1.jpg\"\n               data-image-id=\"138\"\n               data-title=\"nd1\"\n               data-description=\"\"\n               data-image-slug=\"nd1\"\n               class=\"ngg-fancybox\" rel=\"12efbb381805d56f9a2c65b764c60d5e\">\n                <img\n                    title=\"nd1\"\n                    alt=\"nd1\"\n                    src=\"http:\/\/kristalstaklo.com\/kuhinje-tus-kabine\/wp-content\/gallery\/nadstresnice-i-plafoni\/thumbs\/thumbs_nd1.jpg\"\n                    width=\"240\"\n                    height=\"160\"\n                    style=\"max-width:100%;\"\n                \/>\n            <\/a>\n        <\/div>\n\t\t\t\t\t\t\t<\/div> \n\t\t\t\n        \n\t\t\t\t<div id=\"ngg-image-1\" class=\"ngg-gallery-thumbnail-box\" >\n\t\t\t\t        <div class=\"ngg-gallery-thumbnail\">\n            <a href=\"http:\/\/kristalstaklo.com\/kuhinje-tus-kabine\/wp-content\/gallery\/nadstresnice-i-plafoni\/nd3.jpg\"\n               title=\"\"\n               data-src=\"http:\/\/kristalstaklo.com\/kuhinje-tus-kabine\/wp-content\/gallery\/nadstresnice-i-plafoni\/nd3.jpg\"\n               data-thumbnail=\"http:\/\/kristalstaklo.com\/kuhinje-tus-kabine\/wp-content\/gallery\/nadstresnice-i-plafoni\/thumbs\/thumbs_nd3.jpg\"\n               data-image-id=\"139\"\n               data-title=\"nd3\"\n               data-description=\"\"\n               data-image-slug=\"nd3\"\n               class=\"ngg-fancybox\" rel=\"12efbb381805d56f9a2c65b764c60d5e\">\n                <img\n                    title=\"nd3\"\n                    alt=\"nd3\"\n                    src=\"http:\/\/kristalstaklo.com\/kuhinje-tus-kabine\/wp-content\/gallery\/nadstresnice-i-plafoni\/thumbs\/thumbs_nd3.jpg\"\n                    width=\"240\"\n                    height=\"160\"\n                    style=\"max-width:100%;\"\n                \/>\n            <\/a>\n        <\/div>\n\t\t\t\t\t\t\t<\/div> \n\t\t\t\n        \n\t\t\t\t<div id=\"ngg-image-2\" class=\"ngg-gallery-thumbnail-box\" >\n\t\t\t\t        <div class=\"ngg-gallery-thumbnail\">\n            <a href=\"http:\/\/kristalstaklo.com\/kuhinje-tus-kabine\/wp-content\/gallery\/nadstresnice-i-plafoni\/nd4.jpg\"\n               title=\"\"\n               data-src=\"http:\/\/kristalstaklo.com\/kuhinje-tus-kabine\/wp-content\/gallery\/nadstresnice-i-plafoni\/nd4.jpg\"\n               data-thumbnail=\"http:\/\/kristalstaklo.com\/kuhinje-tus-kabine\/wp-content\/gallery\/nadstresnice-i-plafoni\/thumbs\/thumbs_nd4.jpg\"\n               data-image-id=\"140\"\n               data-title=\"nd4\"\n               data-description=\"\"\n               data-image-slug=\"nd4\"\n               class=\"ngg-fancybox\" rel=\"12efbb381805d56f9a2c65b764c60d5e\">\n                <img\n                    title=\"nd4\"\n                    alt=\"nd4\"\n                    src=\"http:\/\/kristalstaklo.com\/kuhinje-tus-kabine\/wp-content\/gallery\/nadstresnice-i-plafoni\/thumbs\/thumbs_nd4.jpg\"\n                    width=\"240\"\n                    height=\"160\"\n                    style=\"max-width:100%;\"\n                \/>\n            <\/a>\n        <\/div>\n\t\t\t\t\t\t\t<\/div> \n\t\t\t\n        \n\t\t\t\t<div id=\"ngg-image-3\" class=\"ngg-gallery-thumbnail-box\" >\n\t\t\t\t        <div class=\"ngg-gallery-thumbnail\">\n            <a href=\"http:\/\/kristalstaklo.com\/kuhinje-tus-kabine\/wp-content\/gallery\/nadstresnice-i-plafoni\/nd5.jpg\"\n               title=\"\"\n               data-src=\"http:\/\/kristalstaklo.com\/kuhinje-tus-kabine\/wp-content\/gallery\/nadstresnice-i-plafoni\/nd5.jpg\"\n               data-thumbnail=\"http:\/\/kristalstaklo.com\/kuhinje-tus-kabine\/wp-content\/gallery\/nadstresnice-i-plafoni\/thumbs\/thumbs_nd5.jpg\"\n               data-image-id=\"141\"\n               data-title=\"nd5\"\n               data-description=\"\"\n               data-image-slug=\"nd5\"\n               class=\"ngg-fancybox\" rel=\"12efbb381805d56f9a2c65b764c60d5e\">\n                <img\n                    title=\"nd5\"\n                    alt=\"nd5\"\n                    src=\"http:\/\/kristalstaklo.com\/kuhinje-tus-kabine\/wp-content\/gallery\/nadstresnice-i-plafoni\/thumbs\/thumbs_nd5.jpg\"\n                    width=\"240\"\n                    height=\"160\"\n                    style=\"max-width:100%;\"\n                \/>\n            <\/a>\n        <\/div>\n\t\t\t\t\t\t\t<\/div> \n\t\t\t\n        \n\t\t\n\t\t<!-- Pagination -->\n\t<div class='ngg-clear'><\/div>\t<\/div>\n\n","protected":false},"excerpt":{"rendered":"<p>Staklene nadstre\u0161nice su veoma atraktivnog dizajna i naro\u010dito pogodne iznad ulaznih vrata. Koristi se sigurnosno staklo &#8211; kaljeno pa laminirano, tzv. &#8222;pancir&#8220; staklo. Nadstre\u0161nice iznad ulaznih vrata \u010dine mnogo boljim prvi utisak o va\u0161em objektu, ku\u0107i ili poslovnom prostoru. Staklene nadstre\u0161nice mogu biti: vise\u0107e, oka\u010dene o inoks \u0161ipku (pun materijal) ili sajlu, po \u017eelji. klasi\u010dne,&#8230;<\/p>\n","protected":false},"author":1,"featured_media":0,"parent":0,"menu_order":0,"comment_status":"closed","ping_status":"closed","template":"","meta":{"ngg_post_thumbnail":0},"_links":{"self":[{"href":"http:\/\/kristalstaklo.com\/kuhinje-tus-kabine\/wp-json\/wp\/v2\/pages\/717"}],"collection":[{"href":"http:\/\/kristalstaklo.com\/kuhinje-tus-kabine\/wp-json\/wp\/v2\/pages"}],"about":[{"href":"http:\/\/kristalstaklo.com\/kuhinje-tus-kabine\/wp-json\/wp\/v2\/types\/page"}],"author":[{"embeddable":true,"href":"http:\/\/kristalstaklo.com\/kuhinje-tus-kabine\/wp-json\/wp\/v2\/users\/1"}],"replies":[{"embeddable":true,"href":"http:\/\/kristalstaklo.com\/kuhinje-tus-kabine\/wp-json\/wp\/v2\/comments?post=717"}],"version-history":[{"count":2,"href":"http:\/\/kristalstaklo.com\/kuhinje-tus-kabine\/wp-json\/wp\/v2\/pages\/717\/revisions"}],"predecessor-version":[{"id":744,"href":"http:\/\/kristalstaklo.com\/kuhinje-tus-kabine\/wp-json\/wp\/v2\/pages\/717\/revisions\/744"}],"wp:attachment":[{"href":"http:\/\/kristalstaklo.com\/kuhinje-tus-kabine\/wp-json\/wp\/v2\/media?parent=717"}],"curies":[{"name":"wp","href":"https:\/\/api.w.org\/{rel}","templated":true}]}}