{"id":696,"date":"2018-11-06T10:21:35","date_gmt":"2018-11-06T09:21:35","guid":{"rendered":"http:\/\/kristalstaklo.com\/kuhinje-tus-kabine\/?page_id=696"},"modified":"2019-12-14T19:46:28","modified_gmt":"2019-12-14T18:46:28","slug":"kuhinjske-ploce","status":"publish","type":"page","link":"http:\/\/kristalstaklo.com\/kuhinje-tus-kabine\/kuhinjske-ploce\/","title":{"rendered":"Kuhinjske plo\u010de"},"content":{"rendered":"\t\t<div class=\"sep-text single centered\">\n\t\t\t\t\t\t\t<span class=\"sep-text-before\"><div class=\"sep-text-line\"><\/div><\/span>\n\t\t\t\t\t\t<div class=\"content\">\n\t\t\t\t\t\t\t\t\t\n<h1 style=\"text-align: center;\">KUHINJSKE PLO\u010cE<\/h1>\n\t\t\t\t\t\t\t<\/div>\n\t\t\t<span class=\"sep-text-after\"><div class=\"sep-text-line\"><\/div><\/span>\n\t\t\t\t\t<\/div>\n\t\n<div class=\"push\" style='height:30px'><\/div>\n<div class=\"row \"><div class=\"wpv-grid grid-1-1  wpv-first-level first unextended animation-zoom-in animated-active\" style=\"padding-top:0px;padding-bottom:0px\" id=\"wpv-column-b0f6e60ad0e919d1cd12e8f68b0ef061\" ><p>Kuhinjske radne plo\u010de se izra\u0111uju od kaljenog stakla razli\u010ditih debljina i boja u zavisnosti od zahteva kupca.<\/p>\n<p>Staklo je materijal koji pove\u0107ava vizuelni efekat u enterijeru, pa \u0107e i u prostor kuhinje uneti ve\u0107u dozu luksuza.<\/p>\n<p>Ovakve plo\u010de su otporne na udarce i habanje, a jednostavne su i za odr\u017eavanje.<\/p>\n<p><img loading=\"lazy\" class=\"aligncenter size-full wp-image-697\" src=\"https:\/\/kristalstaklo.com\/kuhinje-tus-kabine\/wp-content\/uploads\/2018\/11\/k3.jpg\" alt=\"\" width=\"1100\" height=\"555\" srcset=\"http:\/\/kristalstaklo.com\/kuhinje-tus-kabine\/wp-content\/uploads\/2018\/11\/k3.jpg 1100w, http:\/\/kristalstaklo.com\/kuhinje-tus-kabine\/wp-content\/uploads\/2018\/11\/k3-300x151.jpg 300w, http:\/\/kristalstaklo.com\/kuhinje-tus-kabine\/wp-content\/uploads\/2018\/11\/k3-1024x517.jpg 1024w, http:\/\/kristalstaklo.com\/kuhinje-tus-kabine\/wp-content\/uploads\/2018\/11\/k3-555x280.jpg 555w, http:\/\/kristalstaklo.com\/kuhinje-tus-kabine\/wp-content\/uploads\/2018\/11\/k3-360x182.jpg 360w, http:\/\/kristalstaklo.com\/kuhinje-tus-kabine\/wp-content\/uploads\/2018\/11\/k3-262x132.jpg 262w, http:\/\/kristalstaklo.com\/kuhinje-tus-kabine\/wp-content\/uploads\/2018\/11\/k3-300x151@2x.jpg 600w, http:\/\/kristalstaklo.com\/kuhinje-tus-kabine\/wp-content\/uploads\/2018\/11\/k3-360x182@2x.jpg 720w, http:\/\/kristalstaklo.com\/kuhinje-tus-kabine\/wp-content\/uploads\/2018\/11\/k3-262x132@2x.jpg 524w\" sizes=\"(max-width: 1100px) 100vw, 1100px\" \/><\/p>\n<p>Pobolj\u0161avanjem strukturnih i mehani\u010dkih svojstava, tehnolozi su istovremeno razvijali i dizajn, tako da savremene radne plo\u010de kuhinji i prostoru daje vrlo atraktivan i prijatan izgled.<\/p>\n<p><img loading=\"lazy\" class=\"aligncenter size-full wp-image-698\" src=\"https:\/\/kristalstaklo.com\/kuhinje-tus-kabine\/wp-content\/uploads\/2018\/11\/k6.jpg\" alt=\"\" width=\"1100\" height=\"468\" srcset=\"http:\/\/kristalstaklo.com\/kuhinje-tus-kabine\/wp-content\/uploads\/2018\/11\/k6.jpg 1100w, http:\/\/kristalstaklo.com\/kuhinje-tus-kabine\/wp-content\/uploads\/2018\/11\/k6-300x128.jpg 300w, http:\/\/kristalstaklo.com\/kuhinje-tus-kabine\/wp-content\/uploads\/2018\/11\/k6-1024x436.jpg 1024w, http:\/\/kristalstaklo.com\/kuhinje-tus-kabine\/wp-content\/uploads\/2018\/11\/k6-555x236.jpg 555w, http:\/\/kristalstaklo.com\/kuhinje-tus-kabine\/wp-content\/uploads\/2018\/11\/k6-360x153.jpg 360w, http:\/\/kristalstaklo.com\/kuhinje-tus-kabine\/wp-content\/uploads\/2018\/11\/k6-262x111.jpg 262w, http:\/\/kristalstaklo.com\/kuhinje-tus-kabine\/wp-content\/uploads\/2018\/11\/k6-300x128@2x.jpg 600w, http:\/\/kristalstaklo.com\/kuhinje-tus-kabine\/wp-content\/uploads\/2018\/11\/k6-360x153@2x.jpg 720w, http:\/\/kristalstaklo.com\/kuhinje-tus-kabine\/wp-content\/uploads\/2018\/11\/k6-262x111@2x.jpg 524w\" sizes=\"(max-width: 1100px) 100vw, 1100px\" \/><\/p>\n<p>Najiskori\u0161teniji deo svake kuhinje zasigurno je radna plo\u010da. Osim \u0161to mora biti \u010dvrsta, otporna i dugove\u010dna, ona svojom lepotom kuhinji mo\u017ee dati i karakter.<\/div><\/div>\n","protected":false},"excerpt":{"rendered":"","protected":false},"author":1,"featured_media":0,"parent":0,"menu_order":0,"comment_status":"closed","ping_status":"closed","template":"","meta":{"ngg_post_thumbnail":0},"_links":{"self":[{"href":"http:\/\/kristalstaklo.com\/kuhinje-tus-kabine\/wp-json\/wp\/v2\/pages\/696"}],"collection":[{"href":"http:\/\/kristalstaklo.com\/kuhinje-tus-kabine\/wp-json\/wp\/v2\/pages"}],"about":[{"href":"http:\/\/kristalstaklo.com\/kuhinje-tus-kabine\/wp-json\/wp\/v2\/types\/page"}],"author":[{"embeddable":true,"href":"http:\/\/kristalstaklo.com\/kuhinje-tus-kabine\/wp-json\/wp\/v2\/users\/1"}],"replies":[{"embeddable":true,"href":"http:\/\/kristalstaklo.com\/kuhinje-tus-kabine\/wp-json\/wp\/v2\/comments?post=696"}],"version-history":[{"count":2,"href":"http:\/\/kristalstaklo.com\/kuhinje-tus-kabine\/wp-json\/wp\/v2\/pages\/696\/revisions"}],"predecessor-version":[{"id":727,"href":"http:\/\/kristalstaklo.com\/kuhinje-tus-kabine\/wp-json\/wp\/v2\/pages\/696\/revisions\/727"}],"wp:attachment":[{"href":"http:\/\/kristalstaklo.com\/kuhinje-tus-kabine\/wp-json\/wp\/v2\/media?parent=696"}],"curies":[{"name":"wp","href":"https:\/\/api.w.org\/{rel}","templated":true}]}}