{"id":670,"date":"2018-11-05T17:56:35","date_gmt":"2018-11-05T16:56:35","guid":{"rendered":"http:\/\/kristalstaklo.com\/kuhinje-tus-kabine\/?page_id=670"},"modified":"2018-11-05T17:56:35","modified_gmt":"2018-11-05T16:56:35","slug":"staklene-fasade","status":"publish","type":"page","link":"http:\/\/kristalstaklo.com\/kuhinje-tus-kabine\/staklene-fasade\/","title":{"rendered":"Staklene Fasade"},"content":{"rendered":"<p>Iz godine u godinu staklo uzima sve ve\u0107i zna\u010daj u gra\u0111evinarstvu kao materijal budu\u0107nosti koji mo\u017ee da zameni dosada\u0161nje materijale, npr. ciglu, blok, itd&#8230;<\/p>\n<p>Svojim karakteristikama posti\u017ee kompletnu termoizolacionu, akusti\u010dnu, solarnu, UV za\u0161titu te se kompletne zgrade obla\u017eu staklima &#8211; staklenim fasadama.<\/p>\n<p>Ove fasade se intenzivno koriste na modernim poslovnim objektima poslednjih godina.<\/p>\n<p><img loading=\"lazy\" class=\"aligncenter size-full wp-image-671\" src=\"https:\/\/kristalstaklo.com\/kuhinje-tus-kabine\/wp-content\/uploads\/2018\/11\/f1.jpg\" alt=\"\" width=\"999\" height=\"679\" srcset=\"http:\/\/kristalstaklo.com\/kuhinje-tus-kabine\/wp-content\/uploads\/2018\/11\/f1.jpg 999w, http:\/\/kristalstaklo.com\/kuhinje-tus-kabine\/wp-content\/uploads\/2018\/11\/f1-300x204.jpg 300w, http:\/\/kristalstaklo.com\/kuhinje-tus-kabine\/wp-content\/uploads\/2018\/11\/f1-555x377.jpg 555w, http:\/\/kristalstaklo.com\/kuhinje-tus-kabine\/wp-content\/uploads\/2018\/11\/f1-360x245.jpg 360w, http:\/\/kristalstaklo.com\/kuhinje-tus-kabine\/wp-content\/uploads\/2018\/11\/f1-262x178.jpg 262w, http:\/\/kristalstaklo.com\/kuhinje-tus-kabine\/wp-content\/uploads\/2018\/11\/f1-300x204@2x.jpg 600w, http:\/\/kristalstaklo.com\/kuhinje-tus-kabine\/wp-content\/uploads\/2018\/11\/f1-360x245@2x.jpg 720w, http:\/\/kristalstaklo.com\/kuhinje-tus-kabine\/wp-content\/uploads\/2018\/11\/f1-262x178@2x.jpg 524w\" sizes=\"(max-width: 999px) 100vw, 999px\" \/><\/p>\n<p>Kvalitetan izbor staklenih fasada ima za cilj postizanje \u017eeljenih rezultata ( propustnost svetla, K-vrednost, solarni faktor), kako u samom objektu, tako i u spolja\u0161njem izgledu zgrade (spolja\u0161nja refleksija, boja zgrade, itd..).<\/p>\n<p>Kada se vr\u0161i izbor fasade, profila i stakla mora de se vodi ra\u010duna o slede\u0107im faktorima:<\/p>\n<ul>\n<li>namena objekta,<\/li>\n<li>geografski polo\u017eaj istog,<\/li>\n<li>prose\u010dna brzina vetrova za to podru\u010dje,<\/li>\n<li>stati\u010dki prora\u010dun nosivosti cele konstrukcije,<\/li>\n<li>diletacija objekta u radnim uslovima,<\/li>\n<li>godi\u0161nje sleganje objekta, i to sve u cilju pravilne instalacije profila i stakala.<\/li>\n<\/ul>\n<p>Ako se nepo\u0161tuju pravila prora\u010duna fasade dolazi da pucanja odnosno razdvajanja stakla od konstrukcije.<\/p>\n<!-- index.php -->\n<div\n\tclass=\"ngg-galleryoverview ngg-ajax-pagination-none\"\n\tid=\"ngg-gallery-2094b982605cecb35914165607b36b94-1\">\n\n    \t\t<!-- Thumbnails -->\n\t\t\t\t<div id=\"ngg-image-0\" class=\"ngg-gallery-thumbnail-box\" >\n\t\t\t\t        <div class=\"ngg-gallery-thumbnail\">\n            <a href=\"http:\/\/kristalstaklo.com\/kuhinje-tus-kabine\/wp-content\/gallery\/fasade\/f2.jpg\"\n               title=\"\"\n               data-src=\"http:\/\/kristalstaklo.com\/kuhinje-tus-kabine\/wp-content\/gallery\/fasade\/f2.jpg\"\n               data-thumbnail=\"http:\/\/kristalstaklo.com\/kuhinje-tus-kabine\/wp-content\/gallery\/fasade\/thumbs\/thumbs_f2.jpg\"\n               data-image-id=\"126\"\n               data-title=\"f2\"\n               data-description=\"\"\n               data-image-slug=\"f2\"\n               class=\"ngg-fancybox\" rel=\"2094b982605cecb35914165607b36b94\">\n                <img\n                    title=\"f2\"\n                    alt=\"f2\"\n                    src=\"http:\/\/kristalstaklo.com\/kuhinje-tus-kabine\/wp-content\/gallery\/fasade\/thumbs\/thumbs_f2.jpg\"\n                    width=\"240\"\n                    height=\"160\"\n                    style=\"max-width:100%;\"\n                \/>\n            <\/a>\n        <\/div>\n\t\t\t\t\t\t\t<\/div> \n\t\t\t\n        \n\t\t\t\t<div id=\"ngg-image-1\" class=\"ngg-gallery-thumbnail-box\" >\n\t\t\t\t        <div class=\"ngg-gallery-thumbnail\">\n            <a href=\"http:\/\/kristalstaklo.com\/kuhinje-tus-kabine\/wp-content\/gallery\/fasade\/f3.jpg\"\n               title=\"\"\n               data-src=\"http:\/\/kristalstaklo.com\/kuhinje-tus-kabine\/wp-content\/gallery\/fasade\/f3.jpg\"\n               data-thumbnail=\"http:\/\/kristalstaklo.com\/kuhinje-tus-kabine\/wp-content\/gallery\/fasade\/thumbs\/thumbs_f3.jpg\"\n               data-image-id=\"127\"\n               data-title=\"f3\"\n               data-description=\"\"\n               data-image-slug=\"f3\"\n               class=\"ngg-fancybox\" rel=\"2094b982605cecb35914165607b36b94\">\n                <img\n                    title=\"f3\"\n                    alt=\"f3\"\n                    src=\"http:\/\/kristalstaklo.com\/kuhinje-tus-kabine\/wp-content\/gallery\/fasade\/thumbs\/thumbs_f3.jpg\"\n                    width=\"240\"\n                    height=\"160\"\n                    style=\"max-width:100%;\"\n                \/>\n            <\/a>\n        <\/div>\n\t\t\t\t\t\t\t<\/div> \n\t\t\t\n        \n\t\t\t\t<div id=\"ngg-image-2\" class=\"ngg-gallery-thumbnail-box\" >\n\t\t\t\t        <div class=\"ngg-gallery-thumbnail\">\n            <a href=\"http:\/\/kristalstaklo.com\/kuhinje-tus-kabine\/wp-content\/gallery\/fasade\/f7.jpg\"\n               title=\"\"\n               data-src=\"http:\/\/kristalstaklo.com\/kuhinje-tus-kabine\/wp-content\/gallery\/fasade\/f7.jpg\"\n               data-thumbnail=\"http:\/\/kristalstaklo.com\/kuhinje-tus-kabine\/wp-content\/gallery\/fasade\/thumbs\/thumbs_f7.jpg\"\n               data-image-id=\"128\"\n               data-title=\"f7\"\n               data-description=\"\"\n               data-image-slug=\"f7\"\n               class=\"ngg-fancybox\" rel=\"2094b982605cecb35914165607b36b94\">\n                <img\n                    title=\"f7\"\n                    alt=\"f7\"\n                    src=\"http:\/\/kristalstaklo.com\/kuhinje-tus-kabine\/wp-content\/gallery\/fasade\/thumbs\/thumbs_f7.jpg\"\n                    width=\"240\"\n                    height=\"160\"\n                    style=\"max-width:100%;\"\n                \/>\n            <\/a>\n        <\/div>\n\t\t\t\t\t\t\t<\/div> \n\t\t\t\n        \n\t\t\n\t\t<!-- Pagination -->\n\t<div class='ngg-clear'><\/div>\t<\/div>\n\n","protected":false},"excerpt":{"rendered":"<p>Iz godine u godinu staklo uzima sve ve\u0107i zna\u010daj u gra\u0111evinarstvu kao materijal budu\u0107nosti koji mo\u017ee da zameni dosada\u0161nje materijale, npr. ciglu, blok, itd&#8230; Svojim karakteristikama posti\u017ee kompletnu termoizolacionu, akusti\u010dnu, solarnu, UV za\u0161titu te se kompletne zgrade obla\u017eu staklima &#8211; staklenim fasadama. Ove fasade se intenzivno koriste na modernim poslovnim objektima poslednjih godina. Kvalitetan izbor&#8230;<\/p>\n","protected":false},"author":1,"featured_media":0,"parent":0,"menu_order":0,"comment_status":"closed","ping_status":"closed","template":"","meta":{"ngg_post_thumbnail":0},"_links":{"self":[{"href":"http:\/\/kristalstaklo.com\/kuhinje-tus-kabine\/wp-json\/wp\/v2\/pages\/670"}],"collection":[{"href":"http:\/\/kristalstaklo.com\/kuhinje-tus-kabine\/wp-json\/wp\/v2\/pages"}],"about":[{"href":"http:\/\/kristalstaklo.com\/kuhinje-tus-kabine\/wp-json\/wp\/v2\/types\/page"}],"author":[{"embeddable":true,"href":"http:\/\/kristalstaklo.com\/kuhinje-tus-kabine\/wp-json\/wp\/v2\/users\/1"}],"replies":[{"embeddable":true,"href":"http:\/\/kristalstaklo.com\/kuhinje-tus-kabine\/wp-json\/wp\/v2\/comments?post=670"}],"version-history":[{"count":1,"href":"http:\/\/kristalstaklo.com\/kuhinje-tus-kabine\/wp-json\/wp\/v2\/pages\/670\/revisions"}],"predecessor-version":[{"id":680,"href":"http:\/\/kristalstaklo.com\/kuhinje-tus-kabine\/wp-json\/wp\/v2\/pages\/670\/revisions\/680"}],"wp:attachment":[{"href":"http:\/\/kristalstaklo.com\/kuhinje-tus-kabine\/wp-json\/wp\/v2\/media?parent=670"}],"curies":[{"name":"wp","href":"https:\/\/api.w.org\/{rel}","templated":true}]}}