{"id":626,"date":"2018-11-05T17:22:15","date_gmt":"2018-11-05T16:22:15","guid":{"rendered":"http:\/\/kristalstaklo.com\/kuhinje-tus-kabine\/?page_id=626"},"modified":"2018-11-05T17:22:15","modified_gmt":"2018-11-05T16:22:15","slug":"vrata","status":"publish","type":"page","link":"http:\/\/kristalstaklo.com\/kuhinje-tus-kabine\/vrata\/","title":{"rendered":"Vrata"},"content":{"rendered":"<div class=\"row \"><div class=\"wpv-grid grid-1-1  wpv-first-level first unextended animation-zoom-in animated-active\" style=\"padding-top:0px;padding-bottom:0px\" id=\"wpv-column-bc725c59b001042cbfb6ed1caa30b968\" ><p>Staklena vrata u zavisnosti od potrebe kupca mogu biti razli\u010ditih dimenzija, i izgleda. Vrata mogu biti uokvirena u drveni, aluminijumski ili inoks ram.<\/p>\n<p>Tako\u0111e mogu biti i bez rama, u kom slu\u010daju se koristi pripadaju\u0107i okov poznatih svetskih proizvo\u0111a\u010da.<\/p>\n<p>Mogu biti i klizna u zavisnosti od konkretne potrebe ili raznih re\u0161enja, opremljena adekvatnim okovom za klizni sistem.<\/p>\n<p>Vrata mogi biti dekorisana na vi\u0161e na\u010dina&#8230;peskaranjem ili farbanjem rali\u010ditih motiva.<\/p>\n<p>Za izradu se koriste kaljena stakla, razli\u010ditih debljina u zavisnosti od potrebe, i sve se izra\u0111uje prema merama i zahtevima kupaca.<\/p>\n<p><!-- index.php -->\n<div\n\tclass=\"ngg-galleryoverview ngg-ajax-pagination-none\"\n\tid=\"ngg-gallery-8c666ecdfd0a99230474b92c299de03d-1\">\n\n    \t\t<!-- Thumbnails -->\n\t\t\t\t<div id=\"ngg-image-0\" class=\"ngg-gallery-thumbnail-box\" >\n\t\t\t\t        <div class=\"ngg-gallery-thumbnail\">\n            <a href=\"http:\/\/kristalstaklo.com\/kuhinje-tus-kabine\/wp-content\/gallery\/vrata\/vr1.jpg\"\n               title=\"\"\n               data-src=\"http:\/\/kristalstaklo.com\/kuhinje-tus-kabine\/wp-content\/gallery\/vrata\/vr1.jpg\"\n               data-thumbnail=\"http:\/\/kristalstaklo.com\/kuhinje-tus-kabine\/wp-content\/gallery\/vrata\/thumbs\/thumbs_vr1.jpg\"\n               data-image-id=\"111\"\n               data-title=\"vr1\"\n               data-description=\"\"\n               data-image-slug=\"vr1\"\n               class=\"ngg-fancybox\" rel=\"8c666ecdfd0a99230474b92c299de03d\">\n                <img\n                    title=\"vr1\"\n                    alt=\"vr1\"\n                    src=\"http:\/\/kristalstaklo.com\/kuhinje-tus-kabine\/wp-content\/gallery\/vrata\/thumbs\/thumbs_vr1.jpg\"\n                    width=\"240\"\n                    height=\"160\"\n                    style=\"max-width:100%;\"\n                \/>\n            <\/a>\n        <\/div>\n\t\t\t\t\t\t\t<\/div> \n\t\t\t\n        \n\t\t\t\t<div id=\"ngg-image-1\" class=\"ngg-gallery-thumbnail-box\" >\n\t\t\t\t        <div class=\"ngg-gallery-thumbnail\">\n            <a href=\"http:\/\/kristalstaklo.com\/kuhinje-tus-kabine\/wp-content\/gallery\/vrata\/vr2.jpg\"\n               title=\"\"\n               data-src=\"http:\/\/kristalstaklo.com\/kuhinje-tus-kabine\/wp-content\/gallery\/vrata\/vr2.jpg\"\n               data-thumbnail=\"http:\/\/kristalstaklo.com\/kuhinje-tus-kabine\/wp-content\/gallery\/vrata\/thumbs\/thumbs_vr2.jpg\"\n               data-image-id=\"112\"\n               data-title=\"vr2\"\n               data-description=\"\"\n               data-image-slug=\"vr2\"\n               class=\"ngg-fancybox\" rel=\"8c666ecdfd0a99230474b92c299de03d\">\n                <img\n                    title=\"vr2\"\n                    alt=\"vr2\"\n                    src=\"http:\/\/kristalstaklo.com\/kuhinje-tus-kabine\/wp-content\/gallery\/vrata\/thumbs\/thumbs_vr2.jpg\"\n                    width=\"240\"\n                    height=\"160\"\n                    style=\"max-width:100%;\"\n                \/>\n            <\/a>\n        <\/div>\n\t\t\t\t\t\t\t<\/div> \n\t\t\t\n        \n\t\t\t\t<div id=\"ngg-image-2\" class=\"ngg-gallery-thumbnail-box\" >\n\t\t\t\t        <div class=\"ngg-gallery-thumbnail\">\n            <a href=\"http:\/\/kristalstaklo.com\/kuhinje-tus-kabine\/wp-content\/gallery\/vrata\/vr6.jpg\"\n               title=\"\"\n               data-src=\"http:\/\/kristalstaklo.com\/kuhinje-tus-kabine\/wp-content\/gallery\/vrata\/vr6.jpg\"\n               data-thumbnail=\"http:\/\/kristalstaklo.com\/kuhinje-tus-kabine\/wp-content\/gallery\/vrata\/thumbs\/thumbs_vr6.jpg\"\n               data-image-id=\"113\"\n               data-title=\"vr6\"\n               data-description=\"\"\n               data-image-slug=\"vr6\"\n               class=\"ngg-fancybox\" rel=\"8c666ecdfd0a99230474b92c299de03d\">\n                <img\n                    title=\"vr6\"\n                    alt=\"vr6\"\n                    src=\"http:\/\/kristalstaklo.com\/kuhinje-tus-kabine\/wp-content\/gallery\/vrata\/thumbs\/thumbs_vr6.jpg\"\n                    width=\"240\"\n                    height=\"160\"\n                    style=\"max-width:100%;\"\n                \/>\n            <\/a>\n        <\/div>\n\t\t\t\t\t\t\t<\/div> \n\t\t\t\n        \n\t\t\n\t\t<!-- Pagination -->\n\t<div class='ngg-clear'><\/div>\t<\/div>\n<\/div><\/div>\n","protected":false},"excerpt":{"rendered":"","protected":false},"author":1,"featured_media":0,"parent":0,"menu_order":0,"comment_status":"closed","ping_status":"closed","template":"","meta":{"ngg_post_thumbnail":0},"_links":{"self":[{"href":"http:\/\/kristalstaklo.com\/kuhinje-tus-kabine\/wp-json\/wp\/v2\/pages\/626"}],"collection":[{"href":"http:\/\/kristalstaklo.com\/kuhinje-tus-kabine\/wp-json\/wp\/v2\/pages"}],"about":[{"href":"http:\/\/kristalstaklo.com\/kuhinje-tus-kabine\/wp-json\/wp\/v2\/types\/page"}],"author":[{"embeddable":true,"href":"http:\/\/kristalstaklo.com\/kuhinje-tus-kabine\/wp-json\/wp\/v2\/users\/1"}],"replies":[{"embeddable":true,"href":"http:\/\/kristalstaklo.com\/kuhinje-tus-kabine\/wp-json\/wp\/v2\/comments?post=626"}],"version-history":[{"count":1,"href":"http:\/\/kristalstaklo.com\/kuhinje-tus-kabine\/wp-json\/wp\/v2\/pages\/626\/revisions"}],"predecessor-version":[{"id":635,"href":"http:\/\/kristalstaklo.com\/kuhinje-tus-kabine\/wp-json\/wp\/v2\/pages\/626\/revisions\/635"}],"wp:attachment":[{"href":"http:\/\/kristalstaklo.com\/kuhinje-tus-kabine\/wp-json\/wp\/v2\/media?parent=626"}],"curies":[{"name":"wp","href":"https:\/\/api.w.org\/{rel}","templated":true}]}}