{"id":513,"date":"2018-09-27T21:28:40","date_gmt":"2018-09-27T19:28:40","guid":{"rendered":"http:\/\/kristalstaklo.com\/kuhinje-tus-kabine\/?page_id=513"},"modified":"2018-09-27T21:32:01","modified_gmt":"2018-09-27T19:32:01","slug":"okovi-za-tus-kabine","status":"publish","type":"page","link":"http:\/\/kristalstaklo.com\/kuhinje-tus-kabine\/okovi-za-tus-kabine\/","title":{"rendered":"Okovi za tu\u0161 kabine"},"content":{"rendered":"\t\t<div class=\"sep-text single centered\">\n\t\t\t\t\t\t\t<span class=\"sep-text-before\"><div class=\"sep-text-line\"><\/div><\/span>\n\t\t\t\t\t\t<div class=\"content\">\n\t\t\t\t\t\t\t\t\t\n<h1 style=\"text-align: center;\">OKOVI ZA TU\u0160 KABINE<\/h1>\n\t\t\t\t\t\t\t<\/div>\n\t\t\t<span class=\"sep-text-after\"><div class=\"sep-text-line\"><\/div><\/span>\n\t\t\t\t\t<\/div>\n\t\n<div class=\"push\" style='height:30px'><\/div>\n<p><strong>Okovi za tu\u0161 kabine<\/strong> vrhunskog kvaliteta, sa neograni\u010denim brojem otvaranja prilagodljivi i najzahtevnijim arhitektonskim re\u0161enjima, tako da u potpunosti garantuju sigurnost i funkcionalnost.<\/p>\n<p>Specijalnim i proverenim setom za dintovanje posti\u017eemo potpuno zaptivanje, i tako spre\u010davamo propu\u0161tanje vode.<\/p>\n<!-- index.php -->\n<div\n\tclass=\"ngg-galleryoverview ngg-ajax-pagination-none\"\n\tid=\"ngg-gallery-4c82b6fb93fc69440b657e0ce693549f-1\">\n\n    \t\t<!-- Thumbnails -->\n\t\t\t\t<div id=\"ngg-image-0\" class=\"ngg-gallery-thumbnail-box\" >\n\t\t\t\t        <div class=\"ngg-gallery-thumbnail\">\n            <a href=\"http:\/\/kristalstaklo.com\/kuhinje-tus-kabine\/wp-content\/gallery\/okovi-za-tus-kabine\/dih1.jpg\"\n               title=\"\"\n               data-src=\"http:\/\/kristalstaklo.com\/kuhinje-tus-kabine\/wp-content\/gallery\/okovi-za-tus-kabine\/dih1.jpg\"\n               data-thumbnail=\"http:\/\/kristalstaklo.com\/kuhinje-tus-kabine\/wp-content\/gallery\/okovi-za-tus-kabine\/thumbs\/thumbs_dih1.jpg\"\n               data-image-id=\"75\"\n               data-title=\"dih1\"\n               data-description=\"\"\n               data-image-slug=\"dih1\"\n               class=\"ngg-fancybox\" rel=\"4c82b6fb93fc69440b657e0ce693549f\">\n                <img\n                    title=\"dih1\"\n                    alt=\"dih1\"\n                    src=\"http:\/\/kristalstaklo.com\/kuhinje-tus-kabine\/wp-content\/gallery\/okovi-za-tus-kabine\/thumbs\/thumbs_dih1.jpg\"\n                    width=\"240\"\n                    height=\"160\"\n                    style=\"max-width:100%;\"\n                \/>\n            <\/a>\n        <\/div>\n\t\t\t\t\t\t\t<\/div> \n\t\t\t\n        \n\t\t\t\t<div id=\"ngg-image-1\" class=\"ngg-gallery-thumbnail-box\" >\n\t\t\t\t        <div class=\"ngg-gallery-thumbnail\">\n            <a href=\"http:\/\/kristalstaklo.com\/kuhinje-tus-kabine\/wp-content\/gallery\/okovi-za-tus-kabine\/dih2.jpg\"\n               title=\"\"\n               data-src=\"http:\/\/kristalstaklo.com\/kuhinje-tus-kabine\/wp-content\/gallery\/okovi-za-tus-kabine\/dih2.jpg\"\n               data-thumbnail=\"http:\/\/kristalstaklo.com\/kuhinje-tus-kabine\/wp-content\/gallery\/okovi-za-tus-kabine\/thumbs\/thumbs_dih2.jpg\"\n               data-image-id=\"76\"\n               data-title=\"dih2\"\n               data-description=\"\"\n               data-image-slug=\"dih2\"\n               class=\"ngg-fancybox\" rel=\"4c82b6fb93fc69440b657e0ce693549f\">\n                <img\n                    title=\"dih2\"\n                    alt=\"dih2\"\n                    src=\"http:\/\/kristalstaklo.com\/kuhinje-tus-kabine\/wp-content\/gallery\/okovi-za-tus-kabine\/thumbs\/thumbs_dih2.jpg\"\n                    width=\"240\"\n                    height=\"160\"\n                    style=\"max-width:100%;\"\n                \/>\n            <\/a>\n        <\/div>\n\t\t\t\t\t\t\t<\/div> \n\t\t\t\n        \n\t\t\t\t<div id=\"ngg-image-2\" class=\"ngg-gallery-thumbnail-box\" >\n\t\t\t\t        <div class=\"ngg-gallery-thumbnail\">\n            <a href=\"http:\/\/kristalstaklo.com\/kuhinje-tus-kabine\/wp-content\/gallery\/okovi-za-tus-kabine\/dih3.jpg\"\n               title=\"\"\n               data-src=\"http:\/\/kristalstaklo.com\/kuhinje-tus-kabine\/wp-content\/gallery\/okovi-za-tus-kabine\/dih3.jpg\"\n               data-thumbnail=\"http:\/\/kristalstaklo.com\/kuhinje-tus-kabine\/wp-content\/gallery\/okovi-za-tus-kabine\/thumbs\/thumbs_dih3.jpg\"\n               data-image-id=\"77\"\n               data-title=\"dih3\"\n               data-description=\"\"\n               data-image-slug=\"dih3\"\n               class=\"ngg-fancybox\" rel=\"4c82b6fb93fc69440b657e0ce693549f\">\n                <img\n                    title=\"dih3\"\n                    alt=\"dih3\"\n                    src=\"http:\/\/kristalstaklo.com\/kuhinje-tus-kabine\/wp-content\/gallery\/okovi-za-tus-kabine\/thumbs\/thumbs_dih3.jpg\"\n                    width=\"240\"\n                    height=\"160\"\n                    style=\"max-width:100%;\"\n                \/>\n            <\/a>\n        <\/div>\n\t\t\t\t\t\t\t<\/div> \n\t\t\t\n        \n\t\t\t\t<div id=\"ngg-image-3\" class=\"ngg-gallery-thumbnail-box\" >\n\t\t\t\t        <div class=\"ngg-gallery-thumbnail\">\n            <a href=\"http:\/\/kristalstaklo.com\/kuhinje-tus-kabine\/wp-content\/gallery\/okovi-za-tus-kabine\/dih4.jpg\"\n               title=\"\"\n               data-src=\"http:\/\/kristalstaklo.com\/kuhinje-tus-kabine\/wp-content\/gallery\/okovi-za-tus-kabine\/dih4.jpg\"\n               data-thumbnail=\"http:\/\/kristalstaklo.com\/kuhinje-tus-kabine\/wp-content\/gallery\/okovi-za-tus-kabine\/thumbs\/thumbs_dih4.jpg\"\n               data-image-id=\"78\"\n               data-title=\"dih4\"\n               data-description=\"\"\n               data-image-slug=\"dih4\"\n               class=\"ngg-fancybox\" rel=\"4c82b6fb93fc69440b657e0ce693549f\">\n                <img\n                    title=\"dih4\"\n                    alt=\"dih4\"\n                    src=\"http:\/\/kristalstaklo.com\/kuhinje-tus-kabine\/wp-content\/gallery\/okovi-za-tus-kabine\/thumbs\/thumbs_dih4.jpg\"\n                    width=\"240\"\n                    height=\"160\"\n                    style=\"max-width:100%;\"\n                \/>\n            <\/a>\n        <\/div>\n\t\t\t\t\t\t\t<\/div> \n\t\t\t\n        \n\t\t\t\t<div id=\"ngg-image-4\" class=\"ngg-gallery-thumbnail-box\" >\n\t\t\t\t        <div class=\"ngg-gallery-thumbnail\">\n            <a href=\"http:\/\/kristalstaklo.com\/kuhinje-tus-kabine\/wp-content\/gallery\/okovi-za-tus-kabine\/dih5.jpg\"\n               title=\"\"\n               data-src=\"http:\/\/kristalstaklo.com\/kuhinje-tus-kabine\/wp-content\/gallery\/okovi-za-tus-kabine\/dih5.jpg\"\n               data-thumbnail=\"http:\/\/kristalstaklo.com\/kuhinje-tus-kabine\/wp-content\/gallery\/okovi-za-tus-kabine\/thumbs\/thumbs_dih5.jpg\"\n               data-image-id=\"79\"\n               data-title=\"dih5\"\n               data-description=\"\"\n               data-image-slug=\"dih5\"\n               class=\"ngg-fancybox\" rel=\"4c82b6fb93fc69440b657e0ce693549f\">\n                <img\n                    title=\"dih5\"\n                    alt=\"dih5\"\n                    src=\"http:\/\/kristalstaklo.com\/kuhinje-tus-kabine\/wp-content\/gallery\/okovi-za-tus-kabine\/thumbs\/thumbs_dih5.jpg\"\n                    width=\"240\"\n                    height=\"160\"\n                    style=\"max-width:100%;\"\n                \/>\n            <\/a>\n        <\/div>\n\t\t\t\t\t\t\t<\/div> \n\t\t\t\n        \n\t\t\t\t<div id=\"ngg-image-5\" class=\"ngg-gallery-thumbnail-box\" >\n\t\t\t\t        <div class=\"ngg-gallery-thumbnail\">\n            <a href=\"http:\/\/kristalstaklo.com\/kuhinje-tus-kabine\/wp-content\/gallery\/okovi-za-tus-kabine\/dih6.jpg\"\n               title=\"\"\n               data-src=\"http:\/\/kristalstaklo.com\/kuhinje-tus-kabine\/wp-content\/gallery\/okovi-za-tus-kabine\/dih6.jpg\"\n               data-thumbnail=\"http:\/\/kristalstaklo.com\/kuhinje-tus-kabine\/wp-content\/gallery\/okovi-za-tus-kabine\/thumbs\/thumbs_dih6.jpg\"\n               data-image-id=\"80\"\n               data-title=\"dih6\"\n               data-description=\"\"\n               data-image-slug=\"dih6\"\n               class=\"ngg-fancybox\" rel=\"4c82b6fb93fc69440b657e0ce693549f\">\n                <img\n                    title=\"dih6\"\n                    alt=\"dih6\"\n                    src=\"http:\/\/kristalstaklo.com\/kuhinje-tus-kabine\/wp-content\/gallery\/okovi-za-tus-kabine\/thumbs\/thumbs_dih6.jpg\"\n                    width=\"240\"\n                    height=\"160\"\n                    style=\"max-width:100%;\"\n                \/>\n            <\/a>\n        <\/div>\n\t\t\t\t\t\t\t<\/div> \n\t\t\t\n        \n\t\t\t\t<div id=\"ngg-image-6\" class=\"ngg-gallery-thumbnail-box\" >\n\t\t\t\t        <div class=\"ngg-gallery-thumbnail\">\n            <a href=\"http:\/\/kristalstaklo.com\/kuhinje-tus-kabine\/wp-content\/gallery\/okovi-za-tus-kabine\/dih7.jpg\"\n               title=\"\"\n               data-src=\"http:\/\/kristalstaklo.com\/kuhinje-tus-kabine\/wp-content\/gallery\/okovi-za-tus-kabine\/dih7.jpg\"\n               data-thumbnail=\"http:\/\/kristalstaklo.com\/kuhinje-tus-kabine\/wp-content\/gallery\/okovi-za-tus-kabine\/thumbs\/thumbs_dih7.jpg\"\n               data-image-id=\"81\"\n               data-title=\"dih7\"\n               data-description=\"\"\n               data-image-slug=\"dih7\"\n               class=\"ngg-fancybox\" rel=\"4c82b6fb93fc69440b657e0ce693549f\">\n                <img\n                    title=\"dih7\"\n                    alt=\"dih7\"\n                    src=\"http:\/\/kristalstaklo.com\/kuhinje-tus-kabine\/wp-content\/gallery\/okovi-za-tus-kabine\/thumbs\/thumbs_dih7.jpg\"\n                    width=\"240\"\n                    height=\"160\"\n                    style=\"max-width:100%;\"\n                \/>\n            <\/a>\n        <\/div>\n\t\t\t\t\t\t\t<\/div> \n\t\t\t\n        \n\t\t\t\t<div id=\"ngg-image-7\" class=\"ngg-gallery-thumbnail-box\" >\n\t\t\t\t        <div class=\"ngg-gallery-thumbnail\">\n            <a href=\"http:\/\/kristalstaklo.com\/kuhinje-tus-kabine\/wp-content\/gallery\/okovi-za-tus-kabine\/ok1.jpg\"\n               title=\"\"\n               data-src=\"http:\/\/kristalstaklo.com\/kuhinje-tus-kabine\/wp-content\/gallery\/okovi-za-tus-kabine\/ok1.jpg\"\n               data-thumbnail=\"http:\/\/kristalstaklo.com\/kuhinje-tus-kabine\/wp-content\/gallery\/okovi-za-tus-kabine\/thumbs\/thumbs_ok1.jpg\"\n               data-image-id=\"82\"\n               data-title=\"ok1\"\n               data-description=\"\"\n               data-image-slug=\"ok1\"\n               class=\"ngg-fancybox\" rel=\"4c82b6fb93fc69440b657e0ce693549f\">\n                <img\n                    title=\"ok1\"\n                    alt=\"ok1\"\n                    src=\"http:\/\/kristalstaklo.com\/kuhinje-tus-kabine\/wp-content\/gallery\/okovi-za-tus-kabine\/thumbs\/thumbs_ok1.jpg\"\n                    width=\"240\"\n                    height=\"160\"\n                    style=\"max-width:100%;\"\n                \/>\n            <\/a>\n        <\/div>\n\t\t\t\t\t\t\t<\/div> \n\t\t\t\n        \n\t\t\t\t<div id=\"ngg-image-8\" class=\"ngg-gallery-thumbnail-box\" >\n\t\t\t\t        <div class=\"ngg-gallery-thumbnail\">\n            <a href=\"http:\/\/kristalstaklo.com\/kuhinje-tus-kabine\/wp-content\/gallery\/okovi-za-tus-kabine\/ok2.jpg\"\n               title=\"\"\n               data-src=\"http:\/\/kristalstaklo.com\/kuhinje-tus-kabine\/wp-content\/gallery\/okovi-za-tus-kabine\/ok2.jpg\"\n               data-thumbnail=\"http:\/\/kristalstaklo.com\/kuhinje-tus-kabine\/wp-content\/gallery\/okovi-za-tus-kabine\/thumbs\/thumbs_ok2.jpg\"\n               data-image-id=\"83\"\n               data-title=\"ok2\"\n               data-description=\"\"\n               data-image-slug=\"ok2\"\n               class=\"ngg-fancybox\" rel=\"4c82b6fb93fc69440b657e0ce693549f\">\n                <img\n                    title=\"ok2\"\n                    alt=\"ok2\"\n                    src=\"http:\/\/kristalstaklo.com\/kuhinje-tus-kabine\/wp-content\/gallery\/okovi-za-tus-kabine\/thumbs\/thumbs_ok2.jpg\"\n                    width=\"240\"\n                    height=\"160\"\n                    style=\"max-width:100%;\"\n                \/>\n            <\/a>\n        <\/div>\n\t\t\t\t\t\t\t<\/div> \n\t\t\t\n        \n\t\t\t\t<div id=\"ngg-image-9\" class=\"ngg-gallery-thumbnail-box\" >\n\t\t\t\t        <div class=\"ngg-gallery-thumbnail\">\n            <a href=\"http:\/\/kristalstaklo.com\/kuhinje-tus-kabine\/wp-content\/gallery\/okovi-za-tus-kabine\/ok3.jpg\"\n               title=\"\"\n               data-src=\"http:\/\/kristalstaklo.com\/kuhinje-tus-kabine\/wp-content\/gallery\/okovi-za-tus-kabine\/ok3.jpg\"\n               data-thumbnail=\"http:\/\/kristalstaklo.com\/kuhinje-tus-kabine\/wp-content\/gallery\/okovi-za-tus-kabine\/thumbs\/thumbs_ok3.jpg\"\n               data-image-id=\"84\"\n               data-title=\"ok3\"\n               data-description=\"\"\n               data-image-slug=\"ok3\"\n               class=\"ngg-fancybox\" rel=\"4c82b6fb93fc69440b657e0ce693549f\">\n                <img\n                    title=\"ok3\"\n                    alt=\"ok3\"\n                    src=\"http:\/\/kristalstaklo.com\/kuhinje-tus-kabine\/wp-content\/gallery\/okovi-za-tus-kabine\/thumbs\/thumbs_ok3.jpg\"\n                    width=\"240\"\n                    height=\"160\"\n                    style=\"max-width:100%;\"\n                \/>\n            <\/a>\n        <\/div>\n\t\t\t\t\t\t\t<\/div> \n\t\t\t\n        \n\t\t\t\t<div id=\"ngg-image-10\" class=\"ngg-gallery-thumbnail-box\" >\n\t\t\t\t        <div class=\"ngg-gallery-thumbnail\">\n            <a href=\"http:\/\/kristalstaklo.com\/kuhinje-tus-kabine\/wp-content\/gallery\/okovi-za-tus-kabine\/ok4.jpg\"\n               title=\"\"\n               data-src=\"http:\/\/kristalstaklo.com\/kuhinje-tus-kabine\/wp-content\/gallery\/okovi-za-tus-kabine\/ok4.jpg\"\n               data-thumbnail=\"http:\/\/kristalstaklo.com\/kuhinje-tus-kabine\/wp-content\/gallery\/okovi-za-tus-kabine\/thumbs\/thumbs_ok4.jpg\"\n               data-image-id=\"85\"\n               data-title=\"ok4\"\n               data-description=\"\"\n               data-image-slug=\"ok4\"\n               class=\"ngg-fancybox\" rel=\"4c82b6fb93fc69440b657e0ce693549f\">\n                <img\n                    title=\"ok4\"\n                    alt=\"ok4\"\n                    src=\"http:\/\/kristalstaklo.com\/kuhinje-tus-kabine\/wp-content\/gallery\/okovi-za-tus-kabine\/thumbs\/thumbs_ok4.jpg\"\n                    width=\"240\"\n                    height=\"160\"\n                    style=\"max-width:100%;\"\n                \/>\n            <\/a>\n        <\/div>\n\t\t\t\t\t\t\t<\/div> \n\t\t\t\n        \n\t\t\t\t<div id=\"ngg-image-11\" class=\"ngg-gallery-thumbnail-box\" >\n\t\t\t\t        <div class=\"ngg-gallery-thumbnail\">\n            <a href=\"http:\/\/kristalstaklo.com\/kuhinje-tus-kabine\/wp-content\/gallery\/okovi-za-tus-kabine\/ok5.jpg\"\n               title=\"\"\n               data-src=\"http:\/\/kristalstaklo.com\/kuhinje-tus-kabine\/wp-content\/gallery\/okovi-za-tus-kabine\/ok5.jpg\"\n               data-thumbnail=\"http:\/\/kristalstaklo.com\/kuhinje-tus-kabine\/wp-content\/gallery\/okovi-za-tus-kabine\/thumbs\/thumbs_ok5.jpg\"\n               data-image-id=\"86\"\n               data-title=\"ok5\"\n               data-description=\"\"\n               data-image-slug=\"ok5\"\n               class=\"ngg-fancybox\" rel=\"4c82b6fb93fc69440b657e0ce693549f\">\n                <img\n                    title=\"ok5\"\n                    alt=\"ok5\"\n                    src=\"http:\/\/kristalstaklo.com\/kuhinje-tus-kabine\/wp-content\/gallery\/okovi-za-tus-kabine\/thumbs\/thumbs_ok5.jpg\"\n                    width=\"240\"\n                    height=\"160\"\n                    style=\"max-width:100%;\"\n                \/>\n            <\/a>\n        <\/div>\n\t\t\t\t\t\t\t<\/div> \n\t\t\t\n        \n\t\t\t\t<div id=\"ngg-image-12\" class=\"ngg-gallery-thumbnail-box\" >\n\t\t\t\t        <div class=\"ngg-gallery-thumbnail\">\n            <a href=\"http:\/\/kristalstaklo.com\/kuhinje-tus-kabine\/wp-content\/gallery\/okovi-za-tus-kabine\/ok6.jpg\"\n               title=\"\"\n               data-src=\"http:\/\/kristalstaklo.com\/kuhinje-tus-kabine\/wp-content\/gallery\/okovi-za-tus-kabine\/ok6.jpg\"\n               data-thumbnail=\"http:\/\/kristalstaklo.com\/kuhinje-tus-kabine\/wp-content\/gallery\/okovi-za-tus-kabine\/thumbs\/thumbs_ok6.jpg\"\n               data-image-id=\"87\"\n               data-title=\"ok6\"\n               data-description=\"\"\n               data-image-slug=\"ok6\"\n               class=\"ngg-fancybox\" rel=\"4c82b6fb93fc69440b657e0ce693549f\">\n                <img\n                    title=\"ok6\"\n                    alt=\"ok6\"\n                    src=\"http:\/\/kristalstaklo.com\/kuhinje-tus-kabine\/wp-content\/gallery\/okovi-za-tus-kabine\/thumbs\/thumbs_ok6.jpg\"\n                    width=\"240\"\n                    height=\"160\"\n                    style=\"max-width:100%;\"\n                \/>\n            <\/a>\n        <\/div>\n\t\t\t\t\t\t\t<\/div> \n\t\t\t\n        \n\t\t\t\t<div id=\"ngg-image-13\" class=\"ngg-gallery-thumbnail-box\" >\n\t\t\t\t        <div class=\"ngg-gallery-thumbnail\">\n            <a href=\"http:\/\/kristalstaklo.com\/kuhinje-tus-kabine\/wp-content\/gallery\/okovi-za-tus-kabine\/ok7.jpg\"\n               title=\"\"\n               data-src=\"http:\/\/kristalstaklo.com\/kuhinje-tus-kabine\/wp-content\/gallery\/okovi-za-tus-kabine\/ok7.jpg\"\n               data-thumbnail=\"http:\/\/kristalstaklo.com\/kuhinje-tus-kabine\/wp-content\/gallery\/okovi-za-tus-kabine\/thumbs\/thumbs_ok7.jpg\"\n               data-image-id=\"88\"\n               data-title=\"ok7\"\n               data-description=\"\"\n               data-image-slug=\"ok7\"\n               class=\"ngg-fancybox\" rel=\"4c82b6fb93fc69440b657e0ce693549f\">\n                <img\n                    title=\"ok7\"\n                    alt=\"ok7\"\n                    src=\"http:\/\/kristalstaklo.com\/kuhinje-tus-kabine\/wp-content\/gallery\/okovi-za-tus-kabine\/thumbs\/thumbs_ok7.jpg\"\n                    width=\"240\"\n                    height=\"160\"\n                    style=\"max-width:100%;\"\n                \/>\n            <\/a>\n        <\/div>\n\t\t\t\t\t\t\t<\/div> \n\t\t\t\n        \n\t\t\t\t<div id=\"ngg-image-14\" class=\"ngg-gallery-thumbnail-box\" >\n\t\t\t\t        <div class=\"ngg-gallery-thumbnail\">\n            <a href=\"http:\/\/kristalstaklo.com\/kuhinje-tus-kabine\/wp-content\/gallery\/okovi-za-tus-kabine\/ok8.jpg\"\n               title=\"\"\n               data-src=\"http:\/\/kristalstaklo.com\/kuhinje-tus-kabine\/wp-content\/gallery\/okovi-za-tus-kabine\/ok8.jpg\"\n               data-thumbnail=\"http:\/\/kristalstaklo.com\/kuhinje-tus-kabine\/wp-content\/gallery\/okovi-za-tus-kabine\/thumbs\/thumbs_ok8.jpg\"\n               data-image-id=\"89\"\n               data-title=\"ok8\"\n               data-description=\"\"\n               data-image-slug=\"ok8\"\n               class=\"ngg-fancybox\" rel=\"4c82b6fb93fc69440b657e0ce693549f\">\n                <img\n                    title=\"ok8\"\n                    alt=\"ok8\"\n                    src=\"http:\/\/kristalstaklo.com\/kuhinje-tus-kabine\/wp-content\/gallery\/okovi-za-tus-kabine\/thumbs\/thumbs_ok8.jpg\"\n                    width=\"240\"\n                    height=\"160\"\n                    style=\"max-width:100%;\"\n                \/>\n            <\/a>\n        <\/div>\n\t\t\t\t\t\t\t<\/div> \n\t\t\t\n        \n\t\t\t\t<div id=\"ngg-image-15\" class=\"ngg-gallery-thumbnail-box\" >\n\t\t\t\t        <div class=\"ngg-gallery-thumbnail\">\n            <a href=\"http:\/\/kristalstaklo.com\/kuhinje-tus-kabine\/wp-content\/gallery\/okovi-za-tus-kabine\/ok9.jpg\"\n               title=\"\"\n               data-src=\"http:\/\/kristalstaklo.com\/kuhinje-tus-kabine\/wp-content\/gallery\/okovi-za-tus-kabine\/ok9.jpg\"\n               data-thumbnail=\"http:\/\/kristalstaklo.com\/kuhinje-tus-kabine\/wp-content\/gallery\/okovi-za-tus-kabine\/thumbs\/thumbs_ok9.jpg\"\n               data-image-id=\"90\"\n               data-title=\"ok9\"\n               data-description=\"\"\n               data-image-slug=\"ok9\"\n               class=\"ngg-fancybox\" rel=\"4c82b6fb93fc69440b657e0ce693549f\">\n                <img\n                    title=\"ok9\"\n                    alt=\"ok9\"\n                    src=\"http:\/\/kristalstaklo.com\/kuhinje-tus-kabine\/wp-content\/gallery\/okovi-za-tus-kabine\/thumbs\/thumbs_ok9.jpg\"\n                    width=\"240\"\n                    height=\"160\"\n                    style=\"max-width:100%;\"\n                \/>\n            <\/a>\n        <\/div>\n\t\t\t\t\t\t\t<\/div> \n\t\t\t\n        \n\t\t\t\t<div id=\"ngg-image-16\" class=\"ngg-gallery-thumbnail-box\" >\n\t\t\t\t        <div class=\"ngg-gallery-thumbnail\">\n            <a href=\"http:\/\/kristalstaklo.com\/kuhinje-tus-kabine\/wp-content\/gallery\/okovi-za-tus-kabine\/ok10.jpg\"\n               title=\"\"\n               data-src=\"http:\/\/kristalstaklo.com\/kuhinje-tus-kabine\/wp-content\/gallery\/okovi-za-tus-kabine\/ok10.jpg\"\n               data-thumbnail=\"http:\/\/kristalstaklo.com\/kuhinje-tus-kabine\/wp-content\/gallery\/okovi-za-tus-kabine\/thumbs\/thumbs_ok10.jpg\"\n               data-image-id=\"91\"\n               data-title=\"ok10\"\n               data-description=\"\"\n               data-image-slug=\"ok10\"\n               class=\"ngg-fancybox\" rel=\"4c82b6fb93fc69440b657e0ce693549f\">\n                <img\n                    title=\"ok10\"\n                    alt=\"ok10\"\n                    src=\"http:\/\/kristalstaklo.com\/kuhinje-tus-kabine\/wp-content\/gallery\/okovi-za-tus-kabine\/thumbs\/thumbs_ok10.jpg\"\n                    width=\"240\"\n                    height=\"160\"\n                    style=\"max-width:100%;\"\n                \/>\n            <\/a>\n        <\/div>\n\t\t\t\t\t\t\t<\/div> \n\t\t\t\n        \n\t\t\t\t<div id=\"ngg-image-17\" class=\"ngg-gallery-thumbnail-box\" >\n\t\t\t\t        <div class=\"ngg-gallery-thumbnail\">\n            <a href=\"http:\/\/kristalstaklo.com\/kuhinje-tus-kabine\/wp-content\/gallery\/okovi-za-tus-kabine\/ok11.jpg\"\n               title=\"\"\n               data-src=\"http:\/\/kristalstaklo.com\/kuhinje-tus-kabine\/wp-content\/gallery\/okovi-za-tus-kabine\/ok11.jpg\"\n               data-thumbnail=\"http:\/\/kristalstaklo.com\/kuhinje-tus-kabine\/wp-content\/gallery\/okovi-za-tus-kabine\/thumbs\/thumbs_ok11.jpg\"\n               data-image-id=\"92\"\n               data-title=\"ok11\"\n               data-description=\"\"\n               data-image-slug=\"ok11\"\n               class=\"ngg-fancybox\" rel=\"4c82b6fb93fc69440b657e0ce693549f\">\n                <img\n                    title=\"ok11\"\n                    alt=\"ok11\"\n                    src=\"http:\/\/kristalstaklo.com\/kuhinje-tus-kabine\/wp-content\/gallery\/okovi-za-tus-kabine\/thumbs\/thumbs_ok11.jpg\"\n                    width=\"240\"\n                    height=\"160\"\n                    style=\"max-width:100%;\"\n                \/>\n            <\/a>\n        <\/div>\n\t\t\t\t\t\t\t<\/div> \n\t\t\t\n        \n\t\t\n\t\t<!-- Pagination -->\n\t<div class='ngg-clear'><\/div>\t<\/div>\n\n<div class=\"push\" style='height:30px'><\/div>\n","protected":false},"excerpt":{"rendered":"<p>Okovi za tu\u0161 kabine vrhunskog kvaliteta, sa neograni\u010denim brojem otvaranja prilagodljivi i najzahtevnijim arhitektonskim re\u0161enjima, tako da u potpunosti garantuju sigurnost i funkcionalnost. Specijalnim i proverenim setom za dintovanje posti\u017eemo potpuno zaptivanje, i tako spre\u010davamo propu\u0161tanje vode. &#8220; order_by=&#8220;sortorder&#8220; order_direction=&#8220;ASC&#8220; returns=&#8220;included&#8220; maximum_entity_count=&#8220;500&#8243;]<\/p>\n","protected":false},"author":1,"featured_media":0,"parent":0,"menu_order":0,"comment_status":"closed","ping_status":"closed","template":"","meta":{"ngg_post_thumbnail":0},"_links":{"self":[{"href":"http:\/\/kristalstaklo.com\/kuhinje-tus-kabine\/wp-json\/wp\/v2\/pages\/513"}],"collection":[{"href":"http:\/\/kristalstaklo.com\/kuhinje-tus-kabine\/wp-json\/wp\/v2\/pages"}],"about":[{"href":"http:\/\/kristalstaklo.com\/kuhinje-tus-kabine\/wp-json\/wp\/v2\/types\/page"}],"author":[{"embeddable":true,"href":"http:\/\/kristalstaklo.com\/kuhinje-tus-kabine\/wp-json\/wp\/v2\/users\/1"}],"replies":[{"embeddable":true,"href":"http:\/\/kristalstaklo.com\/kuhinje-tus-kabine\/wp-json\/wp\/v2\/comments?post=513"}],"version-history":[{"count":3,"href":"http:\/\/kristalstaklo.com\/kuhinje-tus-kabine\/wp-json\/wp\/v2\/pages\/513\/revisions"}],"predecessor-version":[{"id":554,"href":"http:\/\/kristalstaklo.com\/kuhinje-tus-kabine\/wp-json\/wp\/v2\/pages\/513\/revisions\/554"}],"wp:attachment":[{"href":"http:\/\/kristalstaklo.com\/kuhinje-tus-kabine\/wp-json\/wp\/v2\/media?parent=513"}],"curies":[{"name":"wp","href":"https:\/\/api.w.org\/{rel}","templated":true}]}}