{"id":467,"date":"2018-09-25T12:51:41","date_gmt":"2018-09-25T10:51:41","guid":{"rendered":"http:\/\/kristalstaklo.com\/kuhinje-tus-kabine\/?page_id=467"},"modified":"2018-09-25T12:53:44","modified_gmt":"2018-09-25T10:53:44","slug":"nasi-klijenti-reference","status":"publish","type":"page","link":"http:\/\/kristalstaklo.com\/kuhinje-tus-kabine\/nasi-klijenti-reference\/","title":{"rendered":"Na\u0161i klijenti &#8211; reference"},"content":{"rendered":"<p>&nbsp;<\/p>\n\t\t<div class=\"sep-text single centered\">\n\t\t\t\t\t\t\t<span class=\"sep-text-before\"><div class=\"sep-text-line\"><\/div><\/span>\n\t\t\t\t\t\t<div class=\"content\">\n\t\t\t\t\t\t\t\t\t\n<h1 style=\"text-align: center;\">NA\u0160I KLIJENTI &#8211; REFERENCE<\/h1>\n\t\t\t\t\t\t\t<\/div>\n\t\t\t<span class=\"sep-text-after\"><div class=\"sep-text-line\"><\/div><\/span>\n\t\t\t\t\t<\/div>\n\t\n<div class=\"row \"><div class=\"wpv-grid grid-1-1  wpv-first-level first unextended animation-fade-in animated-active\" style=\"padding-top:0px;padding-bottom:0px\" id=\"wpv-column-f499f32494f6fadd9aa3a657fafc39bd\" ><\/div><\/div>\n<div class=\"push\" style='height:30px'><\/div>\n\t\t\t\t<style>\t\t\t\n\t\t\t#wpls-logo-showcase-slider-1 .wpls-fix-box,\n\t\t\t#wpls-logo-showcase-slider-1 .wpls-fix-box img.wp-post-image{max-height:250px; }\n\t\t<\/style>\n\t\t<div class=\"wpls-logo-showcase-slider-wrp wpls-logo-clearfix \" data-conf=\"{&quot;slides_column&quot;:4,&quot;slides_scroll&quot;:1,&quot;dots&quot;:&quot;true&quot;,&quot;arrows&quot;:&quot;true&quot;,&quot;autoplay&quot;:&quot;true&quot;,&quot;autoplay_interval&quot;:2000,&quot;loop&quot;:&quot;true&quot;,&quot;rtl&quot;:&quot;false&quot;,&quot;speed&quot;:1000,&quot;center_mode&quot;:&quot;false&quot;,&quot;lazyload&quot;:&quot;&quot;}\">\n\t\t\t<div class=\"wpls-logo-showcase logo_showcase wpls-logo-slider  wpls-design-1  sliderimage_hide_border \" id=\"wpls-logo-showcase-slider-1\" >\n\t\t\t\t\n<div class=\"wpls-logo-cnt\">\n\t<div class=\"wpls-fix-box\">\n\t\t\t\t\t<a href=\"http:\/\/www.kombank.com\/en\" target=\"_self\">\n\t\t\t\t<img class=\"wp-post-image\"  src=\"http:\/\/kristalstaklo.com\/kuhinje-tus-kabine\/wp-content\/uploads\/2018\/09\/komercijalna-banka-logo.jpg\" title=\"komercijalna-banka-logo\" alt=\"\" \/>\n\t\t\t<\/a>\n\t\t\t<\/div>\n\t<\/div>\n<div class=\"wpls-logo-cnt\">\n\t<div class=\"wpls-fix-box\">\n\t\t\t\t\t<a href=\"http:\/\/www.hotelmoskva.rs\/en\/\" target=\"_self\">\n\t\t\t\t<img class=\"wp-post-image\"  src=\"http:\/\/kristalstaklo.com\/kuhinje-tus-kabine\/wp-content\/uploads\/2018\/09\/hotel-moskva-logo.jpg\" title=\"hotel-moskva-logo\" alt=\"\" \/>\n\t\t\t<\/a>\n\t\t\t<\/div>\n\t<\/div>\n<div class=\"wpls-logo-cnt\">\n\t<div class=\"wpls-fix-box\">\n\t\t\t\t\t<a href=\"http:\/\/pks.rs\/\" target=\"_self\">\n\t\t\t\t<img class=\"wp-post-image\"  src=\"http:\/\/kristalstaklo.com\/kuhinje-tus-kabine\/wp-content\/uploads\/2018\/09\/privredna-komora-srbije-logo.jpg\" title=\"privredna-komora-srbije-logo\" alt=\"\" \/>\n\t\t\t<\/a>\n\t\t\t<\/div>\n\t<\/div>\n<div class=\"wpls-logo-cnt\">\n\t<div class=\"wpls-fix-box\">\n\t\t\t\t\t<img class=\"wp-post-image\"  src=\"http:\/\/kristalstaklo.com\/kuhinje-tus-kabine\/wp-content\/uploads\/2018\/09\/pireus-banka-logo.jpg\" title=\"pireus-banka-logo\" alt=\"\" \/>\n\t\t\t<\/div>\n\t<\/div>\n<div class=\"wpls-logo-cnt\">\n\t<div class=\"wpls-fix-box\">\n\t\t\t\t\t<a href=\"http:\/\/www.toyota-centar.rs\/\" target=\"_self\">\n\t\t\t\t<img class=\"wp-post-image\"  src=\"http:\/\/kristalstaklo.com\/kuhinje-tus-kabine\/wp-content\/uploads\/2018\/09\/toyota-logo.jpg\" title=\"toyota-logo\" alt=\"\" \/>\n\t\t\t<\/a>\n\t\t\t<\/div>\n\t<\/div>\n<div class=\"wpls-logo-cnt\">\n\t<div class=\"wpls-fix-box\">\n\t\t\t\t\t<img class=\"wp-post-image\"  src=\"http:\/\/kristalstaklo.com\/kuhinje-tus-kabine\/wp-content\/uploads\/2018\/09\/heiniken-logo.jpg\" title=\"heiniken-logo\" alt=\"\" \/>\n\t\t\t<\/div>\n\t<\/div>\n<div class=\"wpls-logo-cnt\">\n\t<div class=\"wpls-fix-box\">\n\t\t\t\t\t<a href=\"https:\/\/www.squarenine.rs\/\" target=\"_self\">\n\t\t\t\t<img class=\"wp-post-image\"  src=\"http:\/\/kristalstaklo.com\/kuhinje-tus-kabine\/wp-content\/uploads\/2018\/09\/square-nine-logo2.jpg\" title=\"square-nine-logo2\" alt=\"\" \/>\n\t\t\t<\/a>\n\t\t\t<\/div>\n\t<\/div>\n<div class=\"wpls-logo-cnt\">\n\t<div class=\"wpls-fix-box\">\n\t\t\t\t\t<a href=\"http:\/\/eps.rs\/\" target=\"_self\">\n\t\t\t\t<img class=\"wp-post-image\"  src=\"http:\/\/kristalstaklo.com\/kuhinje-tus-kabine\/wp-content\/uploads\/2018\/09\/eps-logo.jpg\" title=\"eps-logo\" alt=\"\" \/>\n\t\t\t<\/a>\n\t\t\t<\/div>\n\t<\/div>\t\t\t<\/div>\n\t\t<\/div>\n\t\t\t\n\t\t\n<div class=\"push\" style='height:30px'><\/div>\n<p>O uspehu ne vredi samo pri\u010dati, zato teoriju i prazne pri\u010de ostavljamo po strani. Predstavljamo vam listu na\u0161ih zadovoljnih klijenata, kojima smo pru\u017eili razli\u010dite usluge. A najva\u017enije, pomogli smo im da ostvare velike ciljeve.<\/p>\n<div class=\"push\" style='height:60px'><\/div>\n<div class=\"row \"><div class=\"wpv-grid grid-1-1  wpv-first-level first has-background extended\" style=\"background-color:#efefef;padding-top:0px;padding-bottom:60px\" id=\"wpv-column-f4ade19803d17b1916133be607592667\" ><div class=\"extended-column-inner\"><style>#wpv-column-f4ade19803d17b1916133be607592667 p,#wpv-column-f4ade19803d17b1916133be607592667 .column-title,#wpv-column-f4ade19803d17b1916133be607592667 .sep-text h2.regular-title-wrapper,#wpv-column-f4ade19803d17b1916133be607592667 .text-divider-double,#wpv-column-f4ade19803d17b1916133be607592667 .sep-text .sep-text-line,#wpv-column-f4ade19803d17b1916133be607592667 .sep,#wpv-column-f4ade19803d17b1916133be607592667 .sep-2,#wpv-column-f4ade19803d17b1916133be607592667 .sep-3{color:#707070;}#wpv-column-f4ade19803d17b1916133be607592667:before{background-color:transparent;}<\/style><div class=\"push\" style='height:30px'><\/div>\n\t\t<div class=\"sep-text single centered\">\n\t\t\t\t\t\t\t<span class=\"sep-text-before\"><div class=\"sep-text-line\"><\/div><\/span>\n\t\t\t\t\t\t<div class=\"content\">\n\t\t\t\t\t\t\t\t\t\n<h2 style=\"text-align: center;\">DEO NA\u0160E REFERENTNE LISTE<\/h2>\n\t\t\t\t\t\t\t<\/div>\n\t\t\t<span class=\"sep-text-after\"><div class=\"sep-text-line\"><\/div><\/span>\n\t\t\t\t\t<\/div>\n\t\n<div class=\"push\" style='height:30px'><\/div>\n<div class=\"row \"><div class=\"wpv-grid grid-1-2  first unextended animation-from-left animated-active\" style=\"padding-top:0px;padding-bottom:0px\" id=\"wpv-column-19c99bb78235315faae1c7dc976fcf7a\" ><ul>\n<li style=\"list-style-type: none;\">\n<ul>\n<li>KOMERCIJALNA BANKA;<\/li>\n<li>KAN COM;<\/li>\n<li>HOTEL MOSKVA;<\/li>\n<li>DRVO PROF;<\/li>\n<li>PIRAEUS BANKA;<\/li>\n<li>ENTERIJER PAVLOVI\u0106;<\/li>\n<li>EPS, Kolubara, Povr\u0161inski kopovi;<\/li>\n<li>DVA BORA, Obrenovac;<\/li>\n<li>PRIVREDNA KOMORA;<\/li>\n<li>3A DIZAJN;<\/li>\n<\/ul>\n<\/li>\n<\/ul><\/div>\n<div class=\"wpv-grid grid-1-2  unextended animation-from-right animated-active\" style=\"padding-top:0px;padding-bottom:0px\" id=\"wpv-column-f7b9b7fdd61968f5ff59c6aeb39fe5da\" ><ul>\n<li>EUROPROFIL;<\/li>\n<li>TOYOTA;<\/li>\n<li>HOTEL SQUARE NINE;<\/li>\n<li>XYLON;<\/li>\n<li>A2B;<\/li>\n<li>ECO FORM;<\/li>\n<li>MAHAGONI DECO;<\/li>\n<li>MANUFAKTURA OSTOJI\u0106;<\/li>\n<li>HEINEKEN;<\/li>\n<\/ul><\/div><\/div>\n<div class=\"push\" style='height:120px'><\/div><\/div><\/div><\/div>\n","protected":false},"excerpt":{"rendered":"<p>&nbsp; O uspehu ne vredi samo pri\u010dati, zato teoriju i prazne pri\u010de ostavljamo po strani. Predstavljamo vam listu na\u0161ih zadovoljnih klijenata, kojima smo pru\u017eili razli\u010dite usluge. A najva\u017enije, pomogli smo im da ostvare velike ciljeve.<\/p>\n","protected":false},"author":1,"featured_media":0,"parent":0,"menu_order":0,"comment_status":"closed","ping_status":"closed","template":"","meta":{"ngg_post_thumbnail":0},"_links":{"self":[{"href":"http:\/\/kristalstaklo.com\/kuhinje-tus-kabine\/wp-json\/wp\/v2\/pages\/467"}],"collection":[{"href":"http:\/\/kristalstaklo.com\/kuhinje-tus-kabine\/wp-json\/wp\/v2\/pages"}],"about":[{"href":"http:\/\/kristalstaklo.com\/kuhinje-tus-kabine\/wp-json\/wp\/v2\/types\/page"}],"author":[{"embeddable":true,"href":"http:\/\/kristalstaklo.com\/kuhinje-tus-kabine\/wp-json\/wp\/v2\/users\/1"}],"replies":[{"embeddable":true,"href":"http:\/\/kristalstaklo.com\/kuhinje-tus-kabine\/wp-json\/wp\/v2\/comments?post=467"}],"version-history":[{"count":4,"href":"http:\/\/kristalstaklo.com\/kuhinje-tus-kabine\/wp-json\/wp\/v2\/pages\/467\/revisions"}],"predecessor-version":[{"id":471,"href":"http:\/\/kristalstaklo.com\/kuhinje-tus-kabine\/wp-json\/wp\/v2\/pages\/467\/revisions\/471"}],"wp:attachment":[{"href":"http:\/\/kristalstaklo.com\/kuhinje-tus-kabine\/wp-json\/wp\/v2\/media?parent=467"}],"curies":[{"name":"wp","href":"https:\/\/api.w.org\/{rel}","templated":true}]}}