{"id":139,"date":"2017-04-08T18:15:48","date_gmt":"2017-04-08T16:15:48","guid":{"rendered":"http:\/\/kristalstaklo.com\/kuhinje-tus-kabine\/?page_id=139"},"modified":"2019-12-14T21:06:50","modified_gmt":"2019-12-14T20:06:50","slug":"o-nama","status":"publish","type":"page","link":"http:\/\/kristalstaklo.com\/kuhinje-tus-kabine\/o-nama\/","title":{"rendered":"O nama"},"content":{"rendered":"<p>&nbsp;<\/p>\n<div class=\"row \"><div class=\"wpv-grid grid-2-5  wpv-first-level first unextended\" style=\"padding-top:0px;padding-bottom:0px\" id=\"wpv-column-2db72f36d5f204a8fcaf8b70117d6d82\" ><p>\n\n<div class=\"ngg-galleryoverview ngg-slideshow\"\n\t id=\"ngg-slideshow-924dff850b4dce99c9d8b47e96a9a789-20399332340\"\n     data-gallery-id=\"924dff850b4dce99c9d8b47e96a9a789\"\n     style=\"max-width: 600px; max-height: 400px;\">\n\n \t<div id=\"ngg-image-0\" class=\"ngg-gallery-slideshow-image\" style=\"height:400px\">\n\n        <a href=\"http:\/\/kristalstaklo.com\/kuhinje-tus-kabine\/wp-content\/gallery\/o-nama\/o-nama-1.jpg\"\n           title=\"\"\n           data-src=\"http:\/\/kristalstaklo.com\/kuhinje-tus-kabine\/wp-content\/gallery\/o-nama\/o-nama-1.jpg\"\n           data-thumbnail=\"http:\/\/kristalstaklo.com\/kuhinje-tus-kabine\/wp-content\/gallery\/o-nama\/thumbs\/thumbs_o-nama-1.jpg\"\n           data-image-id=\"59\"\n           data-title=\"o-nama-1\"\n           data-description=\"\"\n           class=\"ngg-fancybox\" rel=\"924dff850b4dce99c9d8b47e96a9a789\">\n\n            <img data-image-id='59'\n                 title=\"\"\n                 alt=\"o-nama-1\"\n                 src=\"http:\/\/kristalstaklo.com\/kuhinje-tus-kabine\/wp-content\/gallery\/o-nama\/o-nama-1.jpg\"\n                 style=\"max-height: 380px;\"\/>\n        <\/a>\n\n        <\/div> \n<div id=\"ngg-image-1\" class=\"ngg-gallery-slideshow-image\" style=\"height:400px\">\n\n        <a href=\"http:\/\/kristalstaklo.com\/kuhinje-tus-kabine\/wp-content\/gallery\/o-nama\/o-nama-2.jpg\"\n           title=\"\"\n           data-src=\"http:\/\/kristalstaklo.com\/kuhinje-tus-kabine\/wp-content\/gallery\/o-nama\/o-nama-2.jpg\"\n           data-thumbnail=\"http:\/\/kristalstaklo.com\/kuhinje-tus-kabine\/wp-content\/gallery\/o-nama\/thumbs\/thumbs_o-nama-2.jpg\"\n           data-image-id=\"60\"\n           data-title=\"o-nama-2\"\n           data-description=\"\"\n           class=\"ngg-fancybox\" rel=\"924dff850b4dce99c9d8b47e96a9a789\">\n\n            <img data-image-id='60'\n                 title=\"\"\n                 alt=\"o-nama-2\"\n                 src=\"http:\/\/kristalstaklo.com\/kuhinje-tus-kabine\/wp-content\/gallery\/o-nama\/o-nama-2.jpg\"\n                 style=\"max-height: 380px;\"\/>\n        <\/a>\n\n        <\/div> \n<div id=\"ngg-image-2\" class=\"ngg-gallery-slideshow-image\" style=\"height:400px\">\n\n        <a href=\"http:\/\/kristalstaklo.com\/kuhinje-tus-kabine\/wp-content\/gallery\/o-nama\/o-nama-3.jpg\"\n           title=\"\"\n           data-src=\"http:\/\/kristalstaklo.com\/kuhinje-tus-kabine\/wp-content\/gallery\/o-nama\/o-nama-3.jpg\"\n           data-thumbnail=\"http:\/\/kristalstaklo.com\/kuhinje-tus-kabine\/wp-content\/gallery\/o-nama\/thumbs\/thumbs_o-nama-3.jpg\"\n           data-image-id=\"61\"\n           data-title=\"o-nama-3\"\n           data-description=\"\"\n           class=\"ngg-fancybox\" rel=\"924dff850b4dce99c9d8b47e96a9a789\">\n\n            <img data-image-id='61'\n                 title=\"\"\n                 alt=\"o-nama-3\"\n                 src=\"http:\/\/kristalstaklo.com\/kuhinje-tus-kabine\/wp-content\/gallery\/o-nama\/o-nama-3.jpg\"\n                 style=\"max-height: 380px;\"\/>\n        <\/a>\n\n        <\/div> \n<\/div>\n\n\n\n<\/div>\n<div class=\"wpv-grid grid-3-5  wpv-first-level unextended\" style=\"padding-top:0px;padding-bottom:0px\" id=\"wpv-column-acbe69efdbfefbb5838eca984d918b54\" >\t\t<div class=\"sep-text single centered\">\n\t\t\t\t\t\t\t<span class=\"sep-text-before\"><div class=\"sep-text-line\"><\/div><\/span>\n\t\t\t\t\t\t<div class=\"content\">\n\t\t\t\t\t\t\t\t\t\n<h1 style=\"text-align: center;\">O NAMA<\/h1>\n\t\t\t\t\t\t\t<\/div>\n\t\t\t<span class=\"sep-text-after\"><div class=\"sep-text-line\"><\/div><\/span>\n\t\t\t\t\t<\/div>\n\t\n<div class=\"push\" style='height:15px'><\/div>\n<p><strong>STAKLO KRISTAL<\/strong> je osnovan 1995 godine, kao zanatska radnja za pru\u017eanje stakloreza\u010dkih usluga. Dugogodi\u0161njim radom i investiranjem prerasli smo u firmu koja snabdeva veliki broj klijenata. Od samog po\u010detka vr\u0161imo neprekidna ulaganja u najnovije tehnologije proizvodnje i prerade stakala. Pa smo tako dostigli visok stepen obrade svih vrsta stakala najnovijom tehnologijom, tj ma\u0161inama renomiranih svetskih proizvo\u0111a\u010da. BOVONE, SCHIATTI ANGELO, FOREL, BAVELLONI, FRATELLI PEZZA&#8230;<\/div><\/div>\n<div class=\"push\" style='height:30px'><\/div>\n<div class=\"row \"><div class=\"wpv-grid grid-1-1  wpv-first-level first unextended animation-zoom-in animated-active\" style=\"padding-top:0px;padding-bottom:0px\" id=\"wpv-column-9f2d21c0c658072730543a7f112e1dcb\" ><p>Za konkurentnost i opstanak na tr\u017ei\u0161tu je veoma va\u017eno ulaganje u opremu, zbog \u010dega je Staklo Kristal od samog po\u010detka tr\u017ei\u0161no orijentisan. Zahvaljuju\u0107i kvalifikovanom i stru\u010dnom kapacitetu zaposlenih, Staklo Kristal izra\u0111uje planove i pronalazi najbolja re\u0161enja za svoje klijente.<\/p>\n<p>Prioritet nam je konstantno unapre\u0111ivanje ponuda i usluga u ostvarivanju dugoro\u010dne poslovne politike.<\/div><\/div>\n<div class=\"push\" style='height:30px'><\/div>\n<div class=\"row \"><div class=\"wpv-grid grid-1-1  wpv-first-level first unextended animation-zoom-in animated-active\" style=\"padding-top:0px;padding-bottom:0px\" id=\"wpv-column-9eaa4300a757451c23fe86a5244846c6\" >\t<div class=\"bxslider-wrapper\">\n\t\t<ul class=\"bxslider-container\" id=\"24b38669830126dbed370237a5d480e1\">\n\t\t\t\t\t\t\t<li>\n\t\t\t\t\t\t\t\t\t\t\t<blockquote class='clearfix small simple'><div class=\"quote-thumbnail\"><img width=\"150\" height=\"150\" src=\"http:\/\/kristalstaklo.com\/kuhinje-tus-kabine\/wp-content\/uploads\/2018\/09\/vizija-150x150.png\" class=\"attachment-thumbnail size-thumbnail wp-post-image\" alt=\"\" loading=\"lazy\" srcset=\"http:\/\/kristalstaklo.com\/kuhinje-tus-kabine\/wp-content\/uploads\/2018\/09\/vizija-150x150.png 150w, http:\/\/kristalstaklo.com\/kuhinje-tus-kabine\/wp-content\/uploads\/2018\/09\/vizija-60x60.png 60w, http:\/\/kristalstaklo.com\/kuhinje-tus-kabine\/wp-content\/uploads\/2018\/09\/vizija-43x43.png 43w, http:\/\/kristalstaklo.com\/kuhinje-tus-kabine\/wp-content\/uploads\/2018\/09\/vizija-106x106.png 106w, http:\/\/kristalstaklo.com\/kuhinje-tus-kabine\/wp-content\/uploads\/2018\/09\/vizija.png 200w, http:\/\/kristalstaklo.com\/kuhinje-tus-kabine\/wp-content\/uploads\/2018\/09\/vizija-60x60@2x.png 120w, http:\/\/kristalstaklo.com\/kuhinje-tus-kabine\/wp-content\/uploads\/2018\/09\/vizija-43x43@2x.png 86w\" sizes=\"(max-width: 150px) 100vw, 150px\" \/><strong class='quote-title'><span class='the-title'>Koja su na\u010dela kojih se dr\u017eimo?<\/span><\/strong><\/div><div class='quote-text'><div class=\"quote-content\">Kvalitet i profesionalnost su imperativ na\u0161e ku\u0107e. Pa\u017eljivo se planira svaki korak od nabavke materijala do isporuke kupcima, da bi na taj na\u010din osigurali najvi\u0161i kvalitet usluga i proizvoda.<\/div><\/div><\/blockquote>\t\t\t\t\t\t\t\t\t<\/li>\n\t\t\t\t\t\t\t<li>\n\t\t\t\t\t\t\t\t\t\t\t<blockquote class='clearfix small simple'><div class=\"quote-thumbnail\"><img width=\"150\" height=\"150\" src=\"http:\/\/kristalstaklo.com\/kuhinje-tus-kabine\/wp-content\/uploads\/2018\/09\/strategija-150x150.png\" class=\"attachment-thumbnail size-thumbnail wp-post-image\" alt=\"\" loading=\"lazy\" srcset=\"http:\/\/kristalstaklo.com\/kuhinje-tus-kabine\/wp-content\/uploads\/2018\/09\/strategija-150x150.png 150w, http:\/\/kristalstaklo.com\/kuhinje-tus-kabine\/wp-content\/uploads\/2018\/09\/strategija-60x60.png 60w, http:\/\/kristalstaklo.com\/kuhinje-tus-kabine\/wp-content\/uploads\/2018\/09\/strategija-43x43.png 43w, http:\/\/kristalstaklo.com\/kuhinje-tus-kabine\/wp-content\/uploads\/2018\/09\/strategija-106x106.png 106w, http:\/\/kristalstaklo.com\/kuhinje-tus-kabine\/wp-content\/uploads\/2018\/09\/strategija.png 200w, http:\/\/kristalstaklo.com\/kuhinje-tus-kabine\/wp-content\/uploads\/2018\/09\/strategija-60x60@2x.png 120w, http:\/\/kristalstaklo.com\/kuhinje-tus-kabine\/wp-content\/uploads\/2018\/09\/strategija-43x43@2x.png 86w\" sizes=\"(max-width: 150px) 100vw, 150px\" \/><strong class='quote-title'><span class='the-title'>Sigurnosna i bezbedonosna tehnologija u korist timskog rada<\/span><\/strong><\/div><div class='quote-text'><div class=\"quote-content\">Sva na\u0161a poslovanja se temelje na fleksibilnom pristupu, koji omogu\u0107ava proizvodnju i obradu staklenih povr\u0161ina prema individualnim potrebama i \u017eeljama kupaca. Samim tim se lak\u0161e kontroli\u0161u tro\u0161kovi i solventnost.<\/div><\/div><\/blockquote>\t\t\t\t\t\t\t\t\t<\/li>\n\t\t\t\t\t<\/ul>\n\t\t<script>\n\t\t\tjQuery(function($) {\n\t\t\t\tvar el = $('#24b38669830126dbed370237a5d480e1');\n\t\t\t\tel.data('bxslider', el.bxSlider({\n\t\t\t\t\tpager: true,\n\t\t\t\t\tcontrols: false,\n\t\t\t\t\tauto: true,\n\t\t\t\t\tpause: 7000,\n\t\t\t\t\tautoHover: true\n\t\t\t\t}));\n\t\t\t});\n\t\t<\/script>\n\t<\/div>\n\n<\/div><\/div>\n","protected":false},"excerpt":{"rendered":"<p>&nbsp;<\/p>\n","protected":false},"author":1,"featured_media":0,"parent":0,"menu_order":0,"comment_status":"closed","ping_status":"closed","template":"","meta":{"ngg_post_thumbnail":0},"_links":{"self":[{"href":"http:\/\/kristalstaklo.com\/kuhinje-tus-kabine\/wp-json\/wp\/v2\/pages\/139"}],"collection":[{"href":"http:\/\/kristalstaklo.com\/kuhinje-tus-kabine\/wp-json\/wp\/v2\/pages"}],"about":[{"href":"http:\/\/kristalstaklo.com\/kuhinje-tus-kabine\/wp-json\/wp\/v2\/types\/page"}],"author":[{"embeddable":true,"href":"http:\/\/kristalstaklo.com\/kuhinje-tus-kabine\/wp-json\/wp\/v2\/users\/1"}],"replies":[{"embeddable":true,"href":"http:\/\/kristalstaklo.com\/kuhinje-tus-kabine\/wp-json\/wp\/v2\/comments?post=139"}],"version-history":[{"count":21,"href":"http:\/\/kristalstaklo.com\/kuhinje-tus-kabine\/wp-json\/wp\/v2\/pages\/139\/revisions"}],"predecessor-version":[{"id":842,"href":"http:\/\/kristalstaklo.com\/kuhinje-tus-kabine\/wp-json\/wp\/v2\/pages\/139\/revisions\/842"}],"wp:attachment":[{"href":"http:\/\/kristalstaklo.com\/kuhinje-tus-kabine\/wp-json\/wp\/v2\/media?parent=139"}],"curies":[{"name":"wp","href":"https:\/\/api.w.org\/{rel}","templated":true}]}}